{"id":88862,"date":"2025-11-04T22:29:00","date_gmt":"2025-11-04T22:29:00","guid":{"rendered":"https:\/\/promis.ro\/product\/iconic-5\/"},"modified":"2025-11-11T14:39:18","modified_gmt":"2025-11-11T14:39:18","slug":"iconic-5","status":"publish","type":"product","link":"https:\/\/promis.ro\/ro\/produs\/iconic-5\/","title":{"rendered":"Iconic"},"content":{"rendered":"<p>Tricou colorat pentru adul\u021bi Iconic de la Fruit Of The Loom. Fabricat din 100% bumbac periat Ring Spun 150g\/m2. Textur\u0103 moale \u0219i croial\u0103 modern\u0103, cu guler rotund \u00eengust 1&#215;1 \u0219i placket asortat. Etichet\u0103 u\u0219or de \u00eendep\u0103rtat \u0219i disponibil \u00eentr-o gam\u0103 larg\u0103 de culori. M\u0103rimi S, M, L, XL, XXL.<\/p>","protected":false},"excerpt":{"rendered":"<p>Tricou colorat pentru adul\u021bi Iconic de la Fruit Of The Loom. Fabricat din 100% bumbac periat Ring Spun 150g\/m2. Textur\u0103<\/p>","protected":false},"featured_media":124467,"comment_status":"open","ping_status":"closed","template":"","meta":[],"product_brand":[],"product_cat":[191],"product_tag":[],"class_list":{"0":"post-88862","1":"product","2":"type-product","3":"status-publish","4":"has-post-thumbnail","6":"product_cat-textile","8":"first","9":"instock","10":"shipping-taxable","11":"purchasable","12":"product-type-variable"},"_links":{"self":[{"href":"https:\/\/promis.ro\/ro\/wp-json\/wp\/v2\/product\/88862","targetHints":{"allow":["GET"]}}],"collection":[{"href":"https:\/\/promis.ro\/ro\/wp-json\/wp\/v2\/product"}],"about":[{"href":"https:\/\/promis.ro\/ro\/wp-json\/wp\/v2\/types\/product"}],"replies":[{"embeddable":true,"href":"https:\/\/promis.ro\/ro\/wp-json\/wp\/v2\/comments?post=88862"}],"version-history":[{"count":1,"href":"https:\/\/promis.ro\/ro\/wp-json\/wp\/v2\/product\/88862\/revisions"}],"predecessor-version":[{"id":110230,"href":"https:\/\/promis.ro\/ro\/wp-json\/wp\/v2\/product\/88862\/revisions\/110230"}],"wp:featuredmedia":[{"embeddable":true,"href":"https:\/\/promis.ro\/ro\/wp-json\/wp\/v2\/media\/124467"}],"wp:attachment":[{"href":"https:\/\/promis.ro\/ro\/wp-json\/wp\/v2\/media?parent=88862"}],"wp:term":[{"taxonomy":"product_brand","embeddable":true,"href":"https:\/\/promis.ro\/ro\/wp-json\/wp\/v2\/product_brand?post=88862"},{"taxonomy":"product_cat","embeddable":true,"href":"https:\/\/promis.ro\/ro\/wp-json\/wp\/v2\/product_cat?post=88862"},{"taxonomy":"product_tag","embeddable":true,"href":"https:\/\/promis.ro\/ro\/wp-json\/wp\/v2\/product_tag?post=88862"}],"curies":[{"name":"wp","href":"https:\/\/api.w.org\/{rel}","templated":true}]}}