{"id":88863,"date":"2025-11-04T22:29:01","date_gmt":"2025-11-04T22:29:01","guid":{"rendered":"https:\/\/promis.ro\/product\/iconic-6\/"},"modified":"2025-11-11T14:39:23","modified_gmt":"2025-11-11T14:39:23","slug":"iconic-6","status":"publish","type":"product","link":"https:\/\/promis.ro\/ro\/produs\/iconic-6\/","title":{"rendered":"Iconic"},"content":{"rendered":"<p>Tricou colorat pentru femei Iconic de la Fruit Of The Loom. Fabricat din 100% bumbac periat Ring Spun 140g\/m2. Textur\u0103 moale \u0219i croial\u0103 slim, cu cus\u0103turi laterale concepute pentru o potrivire perfect\u0103. Guler rotund \u00eengust 1&#215;1 \u0219i placket asortat. Etichet\u0103 u\u0219or de \u00eendep\u0103rtat \u0219i disponibil \u00eentr-o gam\u0103 larg\u0103 de culori. M\u0103rimi XS, S, M, L, XL, XXL.<\/p>","protected":false},"excerpt":{"rendered":"<p>Tricou colorat pentru femei Iconic de la Fruit Of The Loom. Fabricat din 100% bumbac periat Ring Spun 140g\/m2. Textur\u0103<\/p>","protected":false},"featured_media":124471,"comment_status":"open","ping_status":"closed","template":"","meta":[],"product_brand":[],"product_cat":[191],"product_tag":[],"class_list":{"0":"post-88863","1":"product","2":"type-product","3":"status-publish","4":"has-post-thumbnail","6":"product_cat-textile","8":"first","9":"instock","10":"shipping-taxable","11":"purchasable","12":"product-type-variable"},"_links":{"self":[{"href":"https:\/\/promis.ro\/ro\/wp-json\/wp\/v2\/product\/88863","targetHints":{"allow":["GET"]}}],"collection":[{"href":"https:\/\/promis.ro\/ro\/wp-json\/wp\/v2\/product"}],"about":[{"href":"https:\/\/promis.ro\/ro\/wp-json\/wp\/v2\/types\/product"}],"replies":[{"embeddable":true,"href":"https:\/\/promis.ro\/ro\/wp-json\/wp\/v2\/comments?post=88863"}],"version-history":[{"count":2,"href":"https:\/\/promis.ro\/ro\/wp-json\/wp\/v2\/product\/88863\/revisions"}],"predecessor-version":[{"id":110235,"href":"https:\/\/promis.ro\/ro\/wp-json\/wp\/v2\/product\/88863\/revisions\/110235"}],"wp:featuredmedia":[{"embeddable":true,"href":"https:\/\/promis.ro\/ro\/wp-json\/wp\/v2\/media\/124471"}],"wp:attachment":[{"href":"https:\/\/promis.ro\/ro\/wp-json\/wp\/v2\/media?parent=88863"}],"wp:term":[{"taxonomy":"product_brand","embeddable":true,"href":"https:\/\/promis.ro\/ro\/wp-json\/wp\/v2\/product_brand?post=88863"},{"taxonomy":"product_cat","embeddable":true,"href":"https:\/\/promis.ro\/ro\/wp-json\/wp\/v2\/product_cat?post=88863"},{"taxonomy":"product_tag","embeddable":true,"href":"https:\/\/promis.ro\/ro\/wp-json\/wp\/v2\/product_tag?post=88863"}],"curies":[{"name":"wp","href":"https:\/\/api.w.org\/{rel}","templated":true}]}}