{"id":88864,"date":"2025-11-04T22:29:02","date_gmt":"2025-11-04T22:29:02","guid":{"rendered":"https:\/\/promis.ro\/product\/iconic-v-neck-3\/"},"modified":"2025-11-11T14:41:56","modified_gmt":"2025-11-11T14:41:56","slug":"iconic-v-neck-3","status":"publish","type":"product","link":"https:\/\/promis.ro\/ro\/produs\/iconic-v-neck-3\/","title":{"rendered":"Iconic V-Neck"},"content":{"rendered":"<p>Tricou colorat pentru adul\u021bi Iconic V-Neck de la Fruit Of The Loom. Fabricat din 100% bumbac periat Ring Spun 150g\/m2. Textur\u0103 moale \u0219i croial\u0103 modern\u0103, cu decolteu \u00een V ribat 1&#215;1 \u00eengust \u0219i placket asortat. Etichet\u0103 u\u0219or de \u00eendep\u0103rtat \u0219i disponibil \u00eentr-o gam\u0103 larg\u0103 de culori. M\u0103rimi S, M, L, XL, XXL.<\/p>","protected":false},"excerpt":{"rendered":"<p>Tricou colorat pentru adul\u021bi Iconic V-Neck de la Fruit Of The Loom. Fabricat din 100% bumbac periat Ring Spun 150g\/m2.<\/p>","protected":false},"featured_media":125078,"comment_status":"open","ping_status":"closed","template":"","meta":[],"product_brand":[],"product_cat":[191],"product_tag":[],"class_list":{"0":"post-88864","1":"product","2":"type-product","3":"status-publish","4":"has-post-thumbnail","6":"product_cat-textile","8":"first","9":"instock","10":"shipping-taxable","11":"purchasable","12":"product-type-variable"},"_links":{"self":[{"href":"https:\/\/promis.ro\/ro\/wp-json\/wp\/v2\/product\/88864","targetHints":{"allow":["GET"]}}],"collection":[{"href":"https:\/\/promis.ro\/ro\/wp-json\/wp\/v2\/product"}],"about":[{"href":"https:\/\/promis.ro\/ro\/wp-json\/wp\/v2\/types\/product"}],"replies":[{"embeddable":true,"href":"https:\/\/promis.ro\/ro\/wp-json\/wp\/v2\/comments?post=88864"}],"version-history":[{"count":1,"href":"https:\/\/promis.ro\/ro\/wp-json\/wp\/v2\/product\/88864\/revisions"}],"predecessor-version":[{"id":110226,"href":"https:\/\/promis.ro\/ro\/wp-json\/wp\/v2\/product\/88864\/revisions\/110226"}],"wp:featuredmedia":[{"embeddable":true,"href":"https:\/\/promis.ro\/ro\/wp-json\/wp\/v2\/media\/125078"}],"wp:attachment":[{"href":"https:\/\/promis.ro\/ro\/wp-json\/wp\/v2\/media?parent=88864"}],"wp:term":[{"taxonomy":"product_brand","embeddable":true,"href":"https:\/\/promis.ro\/ro\/wp-json\/wp\/v2\/product_brand?post=88864"},{"taxonomy":"product_cat","embeddable":true,"href":"https:\/\/promis.ro\/ro\/wp-json\/wp\/v2\/product_cat?post=88864"},{"taxonomy":"product_tag","embeddable":true,"href":"https:\/\/promis.ro\/ro\/wp-json\/wp\/v2\/product_tag?post=88864"}],"curies":[{"name":"wp","href":"https:\/\/api.w.org\/{rel}","templated":true}]}}