{"id":88867,"date":"2025-11-04T22:29:07","date_gmt":"2025-11-04T22:29:07","guid":{"rendered":"https:\/\/promis.ro\/product\/iconic-8\/"},"modified":"2025-11-11T14:42:23","modified_gmt":"2025-11-11T14:42:23","slug":"iconic-8","status":"publish","type":"product","link":"https:\/\/promis.ro\/ro\/produs\/iconic-8\/","title":{"rendered":"Iconic"},"content":{"rendered":"<p>C\u0103ma\u0219\u0103 T-shirt Iconic pentru fete de la Fruit Of The Loom. Fabricat\u0103 din 100% bumbac periat Ring Spun 150g\/m2. Textur\u0103 moale \u0219i croial\u0103 slim, cu cus\u0103turi laterale concepute pentru o potrivire perfect\u0103. Guler \u00eengust 1&#215;1 ribbed \u0219i placket asortat. Etichet\u0103 u\u0219or de \u00eendep\u0103rtat \u0219i disponibil\u0103 \u00eentr-o gam\u0103 larg\u0103 de culori. M\u0103rimi 3-4, 5-6, 7-8, 9-11, 12-13, 14-15.<\/p>","protected":false},"excerpt":{"rendered":"<p>C\u0103ma\u0219\u0103 T-shirt Iconic pentru fete de la Fruit Of The Loom. Fabricat\u0103 din 100% bumbac periat Ring Spun 150g\/m2. Textur\u0103<\/p>","protected":false},"featured_media":125090,"comment_status":"open","ping_status":"closed","template":"","meta":[],"product_brand":[],"product_cat":[191],"product_tag":[],"class_list":{"0":"post-88867","1":"product","2":"type-product","3":"status-publish","4":"has-post-thumbnail","6":"product_cat-textile","8":"first","9":"instock","10":"shipping-taxable","11":"purchasable","12":"product-type-variable"},"_links":{"self":[{"href":"https:\/\/promis.ro\/ro\/wp-json\/wp\/v2\/product\/88867","targetHints":{"allow":["GET"]}}],"collection":[{"href":"https:\/\/promis.ro\/ro\/wp-json\/wp\/v2\/product"}],"about":[{"href":"https:\/\/promis.ro\/ro\/wp-json\/wp\/v2\/types\/product"}],"replies":[{"embeddable":true,"href":"https:\/\/promis.ro\/ro\/wp-json\/wp\/v2\/comments?post=88867"}],"version-history":[{"count":1,"href":"https:\/\/promis.ro\/ro\/wp-json\/wp\/v2\/product\/88867\/revisions"}],"predecessor-version":[{"id":110238,"href":"https:\/\/promis.ro\/ro\/wp-json\/wp\/v2\/product\/88867\/revisions\/110238"}],"wp:featuredmedia":[{"embeddable":true,"href":"https:\/\/promis.ro\/ro\/wp-json\/wp\/v2\/media\/125090"}],"wp:attachment":[{"href":"https:\/\/promis.ro\/ro\/wp-json\/wp\/v2\/media?parent=88867"}],"wp:term":[{"taxonomy":"product_brand","embeddable":true,"href":"https:\/\/promis.ro\/ro\/wp-json\/wp\/v2\/product_brand?post=88867"},{"taxonomy":"product_cat","embeddable":true,"href":"https:\/\/promis.ro\/ro\/wp-json\/wp\/v2\/product_cat?post=88867"},{"taxonomy":"product_tag","embeddable":true,"href":"https:\/\/promis.ro\/ro\/wp-json\/wp\/v2\/product_tag?post=88867"}],"curies":[{"name":"wp","href":"https:\/\/api.w.org\/{rel}","templated":true}]}}