{"id":88868,"date":"2025-11-04T22:29:08","date_gmt":"2025-11-04T22:29:08","guid":{"rendered":"https:\/\/promis.ro\/product\/iconic-long-sleeve-t-2\/"},"modified":"2025-11-11T14:42:34","modified_gmt":"2025-11-11T14:42:34","slug":"iconic-long-sleeve-t-2","status":"publish","type":"product","link":"https:\/\/promis.ro\/ro\/produs\/iconic-long-sleeve-t-2\/","title":{"rendered":"Iconic Long Sleeve T"},"content":{"rendered":"<p>C\u0103ma\u0219\u0103 T-shirt lung\u0103 pentru adul\u021bi Iconic de la Fruit Of The Loom. Fabricat\u0103 din 100% bumbac periat Ring Spun 150g\/m2. Textur\u0103 moale \u0219i croial\u0103 clasic\u0103, cu guler rotund \u00eengust 1&#215;1 \u0219i placket asortat. Etichet\u0103 u\u0219or de \u00eendep\u0103rtat \u0219i disponibil\u0103 \u00eentr-o gam\u0103 larg\u0103 de culori. M\u0103rimi S, M, L, XL, XXL.<\/p>","protected":false},"excerpt":{"rendered":"<p>C\u0103ma\u0219\u0103 T-shirt lung\u0103 pentru adul\u021bi Iconic de la Fruit Of The Loom. Fabricat\u0103 din 100% bumbac periat Ring Spun 150g\/m2.<\/p>","protected":false},"featured_media":125093,"comment_status":"open","ping_status":"closed","template":"","meta":[],"product_brand":[],"product_cat":[191],"product_tag":[],"class_list":{"0":"post-88868","1":"product","2":"type-product","3":"status-publish","4":"has-post-thumbnail","6":"product_cat-textile","8":"first","9":"instock","10":"shipping-taxable","11":"purchasable","12":"product-type-variable"},"_links":{"self":[{"href":"https:\/\/promis.ro\/ro\/wp-json\/wp\/v2\/product\/88868","targetHints":{"allow":["GET"]}}],"collection":[{"href":"https:\/\/promis.ro\/ro\/wp-json\/wp\/v2\/product"}],"about":[{"href":"https:\/\/promis.ro\/ro\/wp-json\/wp\/v2\/types\/product"}],"replies":[{"embeddable":true,"href":"https:\/\/promis.ro\/ro\/wp-json\/wp\/v2\/comments?post=88868"}],"version-history":[{"count":1,"href":"https:\/\/promis.ro\/ro\/wp-json\/wp\/v2\/product\/88868\/revisions"}],"predecessor-version":[{"id":110233,"href":"https:\/\/promis.ro\/ro\/wp-json\/wp\/v2\/product\/88868\/revisions\/110233"}],"wp:featuredmedia":[{"embeddable":true,"href":"https:\/\/promis.ro\/ro\/wp-json\/wp\/v2\/media\/125093"}],"wp:attachment":[{"href":"https:\/\/promis.ro\/ro\/wp-json\/wp\/v2\/media?parent=88868"}],"wp:term":[{"taxonomy":"product_brand","embeddable":true,"href":"https:\/\/promis.ro\/ro\/wp-json\/wp\/v2\/product_brand?post=88868"},{"taxonomy":"product_cat","embeddable":true,"href":"https:\/\/promis.ro\/ro\/wp-json\/wp\/v2\/product_cat?post=88868"},{"taxonomy":"product_tag","embeddable":true,"href":"https:\/\/promis.ro\/ro\/wp-json\/wp\/v2\/product_tag?post=88868"}],"curies":[{"name":"wp","href":"https:\/\/api.w.org\/{rel}","templated":true}]}}