{"id":88869,"date":"2025-11-04T22:29:08","date_gmt":"2025-11-04T22:29:08","guid":{"rendered":"https:\/\/promis.ro\/product\/original-2\/"},"modified":"2025-11-11T14:42:34","modified_gmt":"2025-11-11T14:42:34","slug":"original-2","status":"publish","type":"product","link":"https:\/\/promis.ro\/ro\/produs\/original-2\/","title":{"rendered":"Original"},"content":{"rendered":"<p>C\u0103ma\u0219\u0103 polo colorat\u0103 pentru adul\u021bi Original de la Fruit Of The Loom. Fabricat\u0103 din material piqu\u00e9 100% bumbac 185g\/m2. Tactil pl\u0103cut \u0219i croial\u0103 clasic\u0103, cu cus\u0103turi laterale pentru o potrivire optim\u0103 \u0219i asortare, placket \u00eent\u0103rit cu dou\u0103 butoane. Etichet\u0103 u\u0219or de \u00eendep\u0103rtat \u0219i disponibil\u0103 \u00eentr-o gam\u0103 larg\u0103 de culori. M\u0103rimi S, M, L, XL, XXL.<\/p>","protected":false},"excerpt":{"rendered":"<p>C\u0103ma\u0219\u0103 polo colorat\u0103 pentru adul\u021bi Original de la Fruit Of The Loom. Fabricat\u0103 din material piqu\u00e9 100% bumbac 185g\/m2. Tactil<\/p>","protected":false},"featured_media":125097,"comment_status":"open","ping_status":"closed","template":"","meta":[],"product_brand":[],"product_cat":[191],"product_tag":[],"class_list":{"0":"post-88869","1":"product","2":"type-product","3":"status-publish","4":"has-post-thumbnail","6":"product_cat-textile","8":"first","9":"instock","10":"shipping-taxable","11":"purchasable","12":"product-type-variable"},"_links":{"self":[{"href":"https:\/\/promis.ro\/ro\/wp-json\/wp\/v2\/product\/88869","targetHints":{"allow":["GET"]}}],"collection":[{"href":"https:\/\/promis.ro\/ro\/wp-json\/wp\/v2\/product"}],"about":[{"href":"https:\/\/promis.ro\/ro\/wp-json\/wp\/v2\/types\/product"}],"replies":[{"embeddable":true,"href":"https:\/\/promis.ro\/ro\/wp-json\/wp\/v2\/comments?post=88869"}],"version-history":[{"count":1,"href":"https:\/\/promis.ro\/ro\/wp-json\/wp\/v2\/product\/88869\/revisions"}],"predecessor-version":[{"id":110237,"href":"https:\/\/promis.ro\/ro\/wp-json\/wp\/v2\/product\/88869\/revisions\/110237"}],"wp:featuredmedia":[{"embeddable":true,"href":"https:\/\/promis.ro\/ro\/wp-json\/wp\/v2\/media\/125097"}],"wp:attachment":[{"href":"https:\/\/promis.ro\/ro\/wp-json\/wp\/v2\/media?parent=88869"}],"wp:term":[{"taxonomy":"product_brand","embeddable":true,"href":"https:\/\/promis.ro\/ro\/wp-json\/wp\/v2\/product_brand?post=88869"},{"taxonomy":"product_cat","embeddable":true,"href":"https:\/\/promis.ro\/ro\/wp-json\/wp\/v2\/product_cat?post=88869"},{"taxonomy":"product_tag","embeddable":true,"href":"https:\/\/promis.ro\/ro\/wp-json\/wp\/v2\/product_tag?post=88869"}],"curies":[{"name":"wp","href":"https:\/\/api.w.org\/{rel}","templated":true}]}}