{"id":88870,"date":"2025-11-04T22:29:09","date_gmt":"2025-11-04T22:29:09","guid":{"rendered":"https:\/\/promis.ro\/product\/original-t\/"},"modified":"2025-11-11T14:42:44","modified_gmt":"2025-11-11T14:42:44","slug":"original-t","status":"publish","type":"product","link":"https:\/\/promis.ro\/ro\/produs\/original-t\/","title":{"rendered":"Original T"},"content":{"rendered":"<p>Tricou alb pentru adul\u021bi Original T de la Fruit Of The Loom. Fabricat din material 100% bumbac 140g\/m2. Moale la atingere, cu guler rotund ribat \u0219i placket asortat. Cu plas\u0103 mai str\u00e2ns\u0103 pentru a \u00eembun\u0103t\u0103\u021bi calitatea imprim\u0103rii \u0219i disponibil \u00een m\u0103rimile S, M, L, XL, XXL.<\/p>","protected":false},"excerpt":{"rendered":"<p>Tricou alb pentru adul\u021bi Original T de la Fruit Of The Loom. Fabricat din material 100% bumbac 140g\/m2. Moale la<\/p>","protected":false},"featured_media":125101,"comment_status":"open","ping_status":"closed","template":"","meta":[],"product_brand":[],"product_cat":[191],"product_tag":[],"class_list":{"0":"post-88870","1":"product","2":"type-product","3":"status-publish","4":"has-post-thumbnail","6":"product_cat-textile","8":"first","9":"instock","10":"shipping-taxable","11":"purchasable","12":"product-type-variable"},"_links":{"self":[{"href":"https:\/\/promis.ro\/ro\/wp-json\/wp\/v2\/product\/88870","targetHints":{"allow":["GET"]}}],"collection":[{"href":"https:\/\/promis.ro\/ro\/wp-json\/wp\/v2\/product"}],"about":[{"href":"https:\/\/promis.ro\/ro\/wp-json\/wp\/v2\/types\/product"}],"replies":[{"embeddable":true,"href":"https:\/\/promis.ro\/ro\/wp-json\/wp\/v2\/comments?post=88870"}],"version-history":[{"count":1,"href":"https:\/\/promis.ro\/ro\/wp-json\/wp\/v2\/product\/88870\/revisions"}],"predecessor-version":[{"id":110229,"href":"https:\/\/promis.ro\/ro\/wp-json\/wp\/v2\/product\/88870\/revisions\/110229"}],"wp:featuredmedia":[{"embeddable":true,"href":"https:\/\/promis.ro\/ro\/wp-json\/wp\/v2\/media\/125101"}],"wp:attachment":[{"href":"https:\/\/promis.ro\/ro\/wp-json\/wp\/v2\/media?parent=88870"}],"wp:term":[{"taxonomy":"product_brand","embeddable":true,"href":"https:\/\/promis.ro\/ro\/wp-json\/wp\/v2\/product_brand?post=88870"},{"taxonomy":"product_cat","embeddable":true,"href":"https:\/\/promis.ro\/ro\/wp-json\/wp\/v2\/product_cat?post=88870"},{"taxonomy":"product_tag","embeddable":true,"href":"https:\/\/promis.ro\/ro\/wp-json\/wp\/v2\/product_tag?post=88870"}],"curies":[{"name":"wp","href":"https:\/\/api.w.org\/{rel}","templated":true}]}}