{"id":88871,"date":"2025-11-04T22:29:09","date_gmt":"2025-11-04T22:29:09","guid":{"rendered":"https:\/\/promis.ro\/product\/original-t-2\/"},"modified":"2025-11-11T14:43:05","modified_gmt":"2025-11-11T14:43:05","slug":"original-t-2","status":"publish","type":"product","link":"https:\/\/promis.ro\/ro\/produs\/original-t-2\/","title":{"rendered":"Original T"},"content":{"rendered":"<p>Tricou colorat pentru adul\u021bi Original T de la Fruit Of The Loom. Fabricat din material 100% bumbac 150g\/m2. Moale la atingere, cu guler rotund ribat \u0219i placket asortat. Cu plas\u0103 mai str\u00e2ns\u0103 pentru a \u00eembun\u0103t\u0103\u021bi calitatea imprim\u0103rii \u0219i disponibil \u00een cea mai complet\u0103 gam\u0103 de culori. M\u0103rimi S, M, L, XL, XXL.<\/p>","protected":false},"excerpt":{"rendered":"<p>Tricou colorat pentru adul\u021bi Original T de la Fruit Of The Loom. Fabricat din material 100% bumbac 150g\/m2. Moale la<\/p>","protected":false},"featured_media":125104,"comment_status":"open","ping_status":"closed","template":"","meta":[],"product_brand":[],"product_cat":[191],"product_tag":[],"class_list":{"0":"post-88871","1":"product","2":"type-product","3":"status-publish","4":"has-post-thumbnail","6":"product_cat-textile","8":"first","9":"instock","10":"shipping-taxable","11":"purchasable","12":"product-type-variable"},"_links":{"self":[{"href":"https:\/\/promis.ro\/ro\/wp-json\/wp\/v2\/product\/88871","targetHints":{"allow":["GET"]}}],"collection":[{"href":"https:\/\/promis.ro\/ro\/wp-json\/wp\/v2\/product"}],"about":[{"href":"https:\/\/promis.ro\/ro\/wp-json\/wp\/v2\/types\/product"}],"replies":[{"embeddable":true,"href":"https:\/\/promis.ro\/ro\/wp-json\/wp\/v2\/comments?post=88871"}],"version-history":[{"count":1,"href":"https:\/\/promis.ro\/ro\/wp-json\/wp\/v2\/product\/88871\/revisions"}],"predecessor-version":[{"id":110232,"href":"https:\/\/promis.ro\/ro\/wp-json\/wp\/v2\/product\/88871\/revisions\/110232"}],"wp:featuredmedia":[{"embeddable":true,"href":"https:\/\/promis.ro\/ro\/wp-json\/wp\/v2\/media\/125104"}],"wp:attachment":[{"href":"https:\/\/promis.ro\/ro\/wp-json\/wp\/v2\/media?parent=88871"}],"wp:term":[{"taxonomy":"product_brand","embeddable":true,"href":"https:\/\/promis.ro\/ro\/wp-json\/wp\/v2\/product_brand?post=88871"},{"taxonomy":"product_cat","embeddable":true,"href":"https:\/\/promis.ro\/ro\/wp-json\/wp\/v2\/product_cat?post=88871"},{"taxonomy":"product_tag","embeddable":true,"href":"https:\/\/promis.ro\/ro\/wp-json\/wp\/v2\/product_tag?post=88871"}],"curies":[{"name":"wp","href":"https:\/\/api.w.org\/{rel}","templated":true}]}}