{"id":88872,"date":"2025-11-04T22:29:10","date_gmt":"2025-11-04T22:29:10","guid":{"rendered":"https:\/\/promis.ro\/product\/lightweight-set-in-s\/"},"modified":"2025-11-11T14:43:06","modified_gmt":"2025-11-11T14:43:06","slug":"lightweight-set-in-s","status":"publish","type":"product","link":"https:\/\/promis.ro\/ro\/produs\/lightweight-set-in-s\/","title":{"rendered":"Lightweight Set-In S"},"content":{"rendered":"<p>Hanorac pentru adul\u021bi Lightweight Set-In Sweat de la Fruit Of The Loom. Fabricat din fleece u\u0219or nefinisat, \u00eentr-o combina\u021bie de 80% bumbac + 20% poliester 240g\/m2. Cu m\u00e2neci set-in \u0219i guler, talie \u0219i man\u0219ete din bumbac\/LYCRA\u00ae. Disponibil \u00eentr-o gam\u0103 larg\u0103 de culori \u0219i \u00een dimensiuni S, M, L, XL, XXL.<\/p>","protected":false},"excerpt":{"rendered":"<p>Hanorac pentru adul\u021bi Lightweight Set-In Sweat de la Fruit Of The Loom. Fabricat din fleece u\u0219or nefinisat, \u00eentr-o combina\u021bie de<\/p>","protected":false},"featured_media":125108,"comment_status":"open","ping_status":"closed","template":"","meta":[],"product_brand":[],"product_cat":[191],"product_tag":[],"class_list":{"0":"post-88872","1":"product","2":"type-product","3":"status-publish","4":"has-post-thumbnail","6":"product_cat-textile","8":"first","9":"instock","10":"shipping-taxable","11":"purchasable","12":"product-type-variable"},"_links":{"self":[{"href":"https:\/\/promis.ro\/ro\/wp-json\/wp\/v2\/product\/88872","targetHints":{"allow":["GET"]}}],"collection":[{"href":"https:\/\/promis.ro\/ro\/wp-json\/wp\/v2\/product"}],"about":[{"href":"https:\/\/promis.ro\/ro\/wp-json\/wp\/v2\/types\/product"}],"replies":[{"embeddable":true,"href":"https:\/\/promis.ro\/ro\/wp-json\/wp\/v2\/comments?post=88872"}],"version-history":[{"count":1,"href":"https:\/\/promis.ro\/ro\/wp-json\/wp\/v2\/product\/88872\/revisions"}],"predecessor-version":[{"id":110413,"href":"https:\/\/promis.ro\/ro\/wp-json\/wp\/v2\/product\/88872\/revisions\/110413"}],"wp:featuredmedia":[{"embeddable":true,"href":"https:\/\/promis.ro\/ro\/wp-json\/wp\/v2\/media\/125108"}],"wp:attachment":[{"href":"https:\/\/promis.ro\/ro\/wp-json\/wp\/v2\/media?parent=88872"}],"wp:term":[{"taxonomy":"product_brand","embeddable":true,"href":"https:\/\/promis.ro\/ro\/wp-json\/wp\/v2\/product_brand?post=88872"},{"taxonomy":"product_cat","embeddable":true,"href":"https:\/\/promis.ro\/ro\/wp-json\/wp\/v2\/product_cat?post=88872"},{"taxonomy":"product_tag","embeddable":true,"href":"https:\/\/promis.ro\/ro\/wp-json\/wp\/v2\/product_tag?post=88872"}],"curies":[{"name":"wp","href":"https:\/\/api.w.org\/{rel}","templated":true}]}}