{"id":88873,"date":"2025-11-04T22:29:11","date_gmt":"2025-11-04T22:29:11","guid":{"rendered":"https:\/\/promis.ro\/product\/lightweight-hooded-s-2\/"},"modified":"2025-11-11T14:43:17","modified_gmt":"2025-11-11T14:43:17","slug":"lightweight-hooded-s-2","status":"publish","type":"product","link":"https:\/\/promis.ro\/ro\/produs\/lightweight-hooded-s-2\/","title":{"rendered":"Lightweight Hooded S"},"content":{"rendered":"<p>Hanorac pentru adul\u021bi u\u0219or cu glug\u0103 de la Fruit Of The Loom. Cu glug\u0103 \u0219i cordon de ajustare \u00een culoare asortat\u0103, design plat. Fabricat din fleece u\u0219or neperiat, \u00eentr-o combina\u021bie de 80% bumbac + 20% poliester 240g\/m2. Cu m\u00e2neci raglan \u0219i buzunar tip kangaroo. Guler, talie \u0219i man\u0219ete din bumbac\/LYCRA\u00ae. Disponibil \u00eentr-o gam\u0103 larg\u0103 de culori \u0219i \u00een dimensiuni S, M, L, XL, XXL.<\/p>","protected":false},"excerpt":{"rendered":"<p>Hanorac pentru adul\u021bi u\u0219or cu glug\u0103 de la Fruit Of The Loom. Cu glug\u0103 \u0219i cordon de ajustare \u00een culoare<\/p>","protected":false},"featured_media":125111,"comment_status":"open","ping_status":"closed","template":"","meta":[],"product_brand":[],"product_cat":[191],"product_tag":[],"class_list":{"0":"post-88873","1":"product","2":"type-product","3":"status-publish","4":"has-post-thumbnail","6":"product_cat-textile","8":"first","9":"instock","10":"shipping-taxable","11":"purchasable","12":"product-type-variable"},"_links":{"self":[{"href":"https:\/\/promis.ro\/ro\/wp-json\/wp\/v2\/product\/88873","targetHints":{"allow":["GET"]}}],"collection":[{"href":"https:\/\/promis.ro\/ro\/wp-json\/wp\/v2\/product"}],"about":[{"href":"https:\/\/promis.ro\/ro\/wp-json\/wp\/v2\/types\/product"}],"replies":[{"embeddable":true,"href":"https:\/\/promis.ro\/ro\/wp-json\/wp\/v2\/comments?post=88873"}],"version-history":[{"count":1,"href":"https:\/\/promis.ro\/ro\/wp-json\/wp\/v2\/product\/88873\/revisions"}],"predecessor-version":[{"id":110240,"href":"https:\/\/promis.ro\/ro\/wp-json\/wp\/v2\/product\/88873\/revisions\/110240"}],"wp:featuredmedia":[{"embeddable":true,"href":"https:\/\/promis.ro\/ro\/wp-json\/wp\/v2\/media\/125111"}],"wp:attachment":[{"href":"https:\/\/promis.ro\/ro\/wp-json\/wp\/v2\/media?parent=88873"}],"wp:term":[{"taxonomy":"product_brand","embeddable":true,"href":"https:\/\/promis.ro\/ro\/wp-json\/wp\/v2\/product_brand?post=88873"},{"taxonomy":"product_cat","embeddable":true,"href":"https:\/\/promis.ro\/ro\/wp-json\/wp\/v2\/product_cat?post=88873"},{"taxonomy":"product_tag","embeddable":true,"href":"https:\/\/promis.ro\/ro\/wp-json\/wp\/v2\/product_tag?post=88873"}],"curies":[{"name":"wp","href":"https:\/\/api.w.org\/{rel}","templated":true}]}}