{"id":89569,"date":"2025-11-04T22:34:47","date_gmt":"2025-11-04T22:34:47","guid":{"rendered":"https:\/\/promis.ro\/product\/rhedon\/"},"modified":"2025-11-11T14:41:31","modified_gmt":"2025-11-11T14:41:31","slug":"rhedon","status":"publish","type":"product","link":"https:\/\/promis.ro\/ro\/produs\/rhedon\/","title":{"rendered":"Rhedon"},"content":{"rendered":"<p>Culoare cheie Nature line cu panglic\u0103 din plut\u0103 natural\u0103 \u0219i carcas\u0103 din metal cu finisaj satinat. Prezentat \u00eentr-un sac individual cu carton ecologic \u00een interior.<\/p>","protected":false},"excerpt":{"rendered":"<p>Culoare cheie Nature line cu panglic\u0103 din plut\u0103 natural\u0103 \u0219i carcas\u0103 din metal cu finisaj satinat. Prezentat \u00eentr-un sac individual<\/p>","protected":false},"featured_media":122652,"comment_status":"open","ping_status":"closed","template":"","meta":[],"product_brand":[],"product_cat":[197],"product_tag":[],"class_list":{"0":"post-89569","1":"product","2":"type-product","3":"status-publish","4":"has-post-thumbnail","6":"product_cat-articole-durabile","8":"first","9":"instock","10":"shipping-taxable","11":"purchasable","12":"product-type-simple"},"_links":{"self":[{"href":"https:\/\/promis.ro\/ro\/wp-json\/wp\/v2\/product\/89569","targetHints":{"allow":["GET"]}}],"collection":[{"href":"https:\/\/promis.ro\/ro\/wp-json\/wp\/v2\/product"}],"about":[{"href":"https:\/\/promis.ro\/ro\/wp-json\/wp\/v2\/types\/product"}],"replies":[{"embeddable":true,"href":"https:\/\/promis.ro\/ro\/wp-json\/wp\/v2\/comments?post=89569"}],"version-history":[{"count":1,"href":"https:\/\/promis.ro\/ro\/wp-json\/wp\/v2\/product\/89569\/revisions"}],"predecessor-version":[{"id":110276,"href":"https:\/\/promis.ro\/ro\/wp-json\/wp\/v2\/product\/89569\/revisions\/110276"}],"wp:featuredmedia":[{"embeddable":true,"href":"https:\/\/promis.ro\/ro\/wp-json\/wp\/v2\/media\/122652"}],"wp:attachment":[{"href":"https:\/\/promis.ro\/ro\/wp-json\/wp\/v2\/media?parent=89569"}],"wp:term":[{"taxonomy":"product_brand","embeddable":true,"href":"https:\/\/promis.ro\/ro\/wp-json\/wp\/v2\/product_brand?post=89569"},{"taxonomy":"product_cat","embeddable":true,"href":"https:\/\/promis.ro\/ro\/wp-json\/wp\/v2\/product_cat?post=89569"},{"taxonomy":"product_tag","embeddable":true,"href":"https:\/\/promis.ro\/ro\/wp-json\/wp\/v2\/product_tag?post=89569"}],"curies":[{"name":"wp","href":"https:\/\/api.w.org\/{rel}","templated":true}]}}