{"id":89572,"date":"2025-11-04T22:34:48","date_gmt":"2025-11-04T22:34:48","guid":{"rendered":"https:\/\/promis.ro\/product\/kuirtel\/"},"modified":"2025-11-11T14:41:31","modified_gmt":"2025-11-11T14:41:31","slug":"kuirtel","status":"publish","type":"product","link":"https:\/\/promis.ro\/ro\/produs\/kuirtel\/","title":{"rendered":"Kuirtel"},"content":{"rendered":"<p>\u0218or\u021b din linia Nature, fabricat din material de bumbac organic, crescut folosind metode sustenabile, f\u0103r\u0103 insecticide, \u00eengr\u0103\u0219\u0103minte sau alte substan\u021be chimice, favoriz\u00e2nd astfel \u00eengrijirea mediului. Design inovator, cu dungi verticale, cu buzunar frontal de culoare natural\u0103 \u0219i potrivire sub genunchi. Ajustabil, cu bretele la g\u00e2t \u0219i talie. Etichet\u0103 distinctiv\u0103 din bumbac organic.<\/p>","protected":false},"excerpt":{"rendered":"<p>\u0218or\u021b din linia Nature, fabricat din material de bumbac organic, crescut folosind metode sustenabile, f\u0103r\u0103 insecticide, \u00eengr\u0103\u0219\u0103minte sau alte substan\u021be<\/p>","protected":false},"featured_media":122664,"comment_status":"open","ping_status":"closed","template":"","meta":[],"product_brand":[],"product_cat":[179],"product_tag":[],"class_list":{"0":"post-89572","1":"product","2":"type-product","3":"status-publish","4":"has-post-thumbnail","6":"product_cat-casa-si-decoratiuni","8":"first","9":"instock","10":"shipping-taxable","11":"purchasable","12":"product-type-variable"},"_links":{"self":[{"href":"https:\/\/promis.ro\/ro\/wp-json\/wp\/v2\/product\/89572","targetHints":{"allow":["GET"]}}],"collection":[{"href":"https:\/\/promis.ro\/ro\/wp-json\/wp\/v2\/product"}],"about":[{"href":"https:\/\/promis.ro\/ro\/wp-json\/wp\/v2\/types\/product"}],"replies":[{"embeddable":true,"href":"https:\/\/promis.ro\/ro\/wp-json\/wp\/v2\/comments?post=89572"}],"version-history":[{"count":1,"href":"https:\/\/promis.ro\/ro\/wp-json\/wp\/v2\/product\/89572\/revisions"}],"predecessor-version":[{"id":110296,"href":"https:\/\/promis.ro\/ro\/wp-json\/wp\/v2\/product\/89572\/revisions\/110296"}],"wp:featuredmedia":[{"embeddable":true,"href":"https:\/\/promis.ro\/ro\/wp-json\/wp\/v2\/media\/122664"}],"wp:attachment":[{"href":"https:\/\/promis.ro\/ro\/wp-json\/wp\/v2\/media?parent=89572"}],"wp:term":[{"taxonomy":"product_brand","embeddable":true,"href":"https:\/\/promis.ro\/ro\/wp-json\/wp\/v2\/product_brand?post=89572"},{"taxonomy":"product_cat","embeddable":true,"href":"https:\/\/promis.ro\/ro\/wp-json\/wp\/v2\/product_cat?post=89572"},{"taxonomy":"product_tag","embeddable":true,"href":"https:\/\/promis.ro\/ro\/wp-json\/wp\/v2\/product_tag?post=89572"}],"curies":[{"name":"wp","href":"https:\/\/api.w.org\/{rel}","templated":true}]}}