{"id":89574,"date":"2025-11-04T22:34:49","date_gmt":"2025-11-04T22:34:49","guid":{"rendered":"https:\/\/promis.ro\/product\/gunkan\/"},"modified":"2025-11-11T14:41:31","modified_gmt":"2025-11-11T14:41:31","slug":"gunkan","status":"publish","type":"product","link":"https:\/\/promis.ro\/ro\/produs\/gunkan\/","title":{"rendered":"Gunkan"},"content":{"rendered":"<p>Set premium de sushi cu 6 piese, realizat din bambus \u0219i ardezie natural\u0103, ideal pentru servire sau expunere. Include o plac\u0103 de servire din bambus \u00een combina\u021bie cu ardezie natural\u0103, 2 seturi de be\u021bi\u0219oare din bambus natural cu suporturi din ceramic\u0103 \u0219i un bol din ceramic\u0103. Prezentat \u00eentr-o cutie individual\u0103 cu design eco, din carton kraft.<\/p>","protected":false},"excerpt":{"rendered":"<p>Set premium de sushi cu 6 piese, realizat din bambus \u0219i ardezie natural\u0103, ideal pentru servire sau expunere. Include o<\/p>","protected":false},"featured_media":122673,"comment_status":"open","ping_status":"closed","template":"","meta":[],"product_brand":[],"product_cat":[179],"product_tag":[],"class_list":{"0":"post-89574","1":"product","2":"type-product","3":"status-publish","4":"has-post-thumbnail","6":"product_cat-casa-si-decoratiuni","8":"first","9":"outofstock","10":"shipping-taxable","11":"purchasable","12":"product-type-simple"},"_links":{"self":[{"href":"https:\/\/promis.ro\/ro\/wp-json\/wp\/v2\/product\/89574","targetHints":{"allow":["GET"]}}],"collection":[{"href":"https:\/\/promis.ro\/ro\/wp-json\/wp\/v2\/product"}],"about":[{"href":"https:\/\/promis.ro\/ro\/wp-json\/wp\/v2\/types\/product"}],"replies":[{"embeddable":true,"href":"https:\/\/promis.ro\/ro\/wp-json\/wp\/v2\/comments?post=89574"}],"version-history":[{"count":1,"href":"https:\/\/promis.ro\/ro\/wp-json\/wp\/v2\/product\/89574\/revisions"}],"predecessor-version":[{"id":110293,"href":"https:\/\/promis.ro\/ro\/wp-json\/wp\/v2\/product\/89574\/revisions\/110293"}],"wp:featuredmedia":[{"embeddable":true,"href":"https:\/\/promis.ro\/ro\/wp-json\/wp\/v2\/media\/122673"}],"wp:attachment":[{"href":"https:\/\/promis.ro\/ro\/wp-json\/wp\/v2\/media?parent=89574"}],"wp:term":[{"taxonomy":"product_brand","embeddable":true,"href":"https:\/\/promis.ro\/ro\/wp-json\/wp\/v2\/product_brand?post=89574"},{"taxonomy":"product_cat","embeddable":true,"href":"https:\/\/promis.ro\/ro\/wp-json\/wp\/v2\/product_cat?post=89574"},{"taxonomy":"product_tag","embeddable":true,"href":"https:\/\/promis.ro\/ro\/wp-json\/wp\/v2\/product_tag?post=89574"}],"curies":[{"name":"wp","href":"https:\/\/api.w.org\/{rel}","templated":true}]}}