{"id":89575,"date":"2025-11-04T22:34:49","date_gmt":"2025-11-04T22:34:49","guid":{"rendered":"https:\/\/promis.ro\/product\/parum\/"},"modified":"2025-11-11T13:53:53","modified_gmt":"2025-11-11T13:53:53","slug":"parum","status":"publish","type":"product","link":"https:\/\/promis.ro\/ro\/produs\/parum\/","title":{"rendered":"Parum"},"content":{"rendered":"<p>Set de cutie de pr\u00e2nz \u0219i r\u0103citor din linia naturii cu Certificare de Grad Alimentar, asigur\u00e2nd siguran\u021ba atunci c\u00e2nd alimentele intr\u0103 \u00een contact cu materialul folosit pentru fabricarea produsului. Inclus: R\u0103citor realizat din material de bumbac, cu interior izotermic finisat \u00een aluminiu. \u00cenchidere cu fermoar cu tragere dubl\u0103 \u0219i m\u00e2nere de transport asortate. Cutie de pr\u00e2nz realizat\u0103 din PP cu vene, f\u0103r\u0103 BPA, cu capac din bambus \u0219i capacitate de 1l. \u00cenchidere cu band\u0103 elastic\u0103 de siguran\u021b\u0103, cu compartimente pentru furculi\u021b\u0103, lingur\u0103 \u0219i cu\u021bit (inclus).<\/p>","protected":false},"excerpt":{"rendered":"<p>Set de cutie de pr\u00e2nz \u0219i r\u0103citor din linia naturii cu Certificare de Grad Alimentar, asigur\u00e2nd siguran\u021ba atunci c\u00e2nd alimentele<\/p>","protected":false},"featured_media":122678,"comment_status":"open","ping_status":"closed","template":"","meta":[],"product_brand":[],"product_cat":[173],"product_tag":[],"class_list":{"0":"post-89575","1":"product","2":"type-product","3":"status-publish","4":"has-post-thumbnail","6":"product_cat-takeaway","8":"first","9":"instock","10":"shipping-taxable","11":"purchasable","12":"product-type-simple"},"_links":{"self":[{"href":"https:\/\/promis.ro\/ro\/wp-json\/wp\/v2\/product\/89575","targetHints":{"allow":["GET"]}}],"collection":[{"href":"https:\/\/promis.ro\/ro\/wp-json\/wp\/v2\/product"}],"about":[{"href":"https:\/\/promis.ro\/ro\/wp-json\/wp\/v2\/types\/product"}],"replies":[{"embeddable":true,"href":"https:\/\/promis.ro\/ro\/wp-json\/wp\/v2\/comments?post=89575"}],"version-history":[{"count":1,"href":"https:\/\/promis.ro\/ro\/wp-json\/wp\/v2\/product\/89575\/revisions"}],"predecessor-version":[{"id":110303,"href":"https:\/\/promis.ro\/ro\/wp-json\/wp\/v2\/product\/89575\/revisions\/110303"}],"wp:featuredmedia":[{"embeddable":true,"href":"https:\/\/promis.ro\/ro\/wp-json\/wp\/v2\/media\/122678"}],"wp:attachment":[{"href":"https:\/\/promis.ro\/ro\/wp-json\/wp\/v2\/media?parent=89575"}],"wp:term":[{"taxonomy":"product_brand","embeddable":true,"href":"https:\/\/promis.ro\/ro\/wp-json\/wp\/v2\/product_brand?post=89575"},{"taxonomy":"product_cat","embeddable":true,"href":"https:\/\/promis.ro\/ro\/wp-json\/wp\/v2\/product_cat?post=89575"},{"taxonomy":"product_tag","embeddable":true,"href":"https:\/\/promis.ro\/ro\/wp-json\/wp\/v2\/product_tag?post=89575"}],"curies":[{"name":"wp","href":"https:\/\/api.w.org\/{rel}","templated":true}]}}