{"id":89576,"date":"2025-11-04T22:34:50","date_gmt":"2025-11-04T22:34:50","guid":{"rendered":"https:\/\/promis.ro\/product\/layrox\/"},"modified":"2025-11-11T14:41:31","modified_gmt":"2025-11-11T14:41:31","slug":"layrox","status":"publish","type":"product","link":"https:\/\/promis.ro\/ro\/produs\/layrox\/","title":{"rendered":"Layrox"},"content":{"rendered":"<p>Stylus elegant cu bil\u0103 \u00een linia nature, cu mecanism de r\u0103sucire. Corp din ABS cu finisaj lucios \u0219i prindere din bambus, cu accesorii asortate. Clip metalic \u0219i cerneal\u0103 albastr\u0103.<\/p>","protected":false},"excerpt":{"rendered":"<p>Stylus elegant cu bil\u0103 \u00een linia nature, cu mecanism de r\u0103sucire. Corp din ABS cu finisaj lucios \u0219i prindere din<\/p>","protected":false},"featured_media":122683,"comment_status":"open","ping_status":"closed","template":"","meta":[],"product_brand":[],"product_cat":[175],"product_tag":[],"class_list":{"0":"post-89576","1":"product","2":"type-product","3":"status-publish","4":"has-post-thumbnail","6":"product_cat-scris","8":"first","9":"outofstock","10":"shipping-taxable","11":"purchasable","12":"product-type-simple"},"_links":{"self":[{"href":"https:\/\/promis.ro\/ro\/wp-json\/wp\/v2\/product\/89576","targetHints":{"allow":["GET"]}}],"collection":[{"href":"https:\/\/promis.ro\/ro\/wp-json\/wp\/v2\/product"}],"about":[{"href":"https:\/\/promis.ro\/ro\/wp-json\/wp\/v2\/types\/product"}],"replies":[{"embeddable":true,"href":"https:\/\/promis.ro\/ro\/wp-json\/wp\/v2\/comments?post=89576"}],"version-history":[{"count":1,"href":"https:\/\/promis.ro\/ro\/wp-json\/wp\/v2\/product\/89576\/revisions"}],"predecessor-version":[{"id":110288,"href":"https:\/\/promis.ro\/ro\/wp-json\/wp\/v2\/product\/89576\/revisions\/110288"}],"wp:featuredmedia":[{"embeddable":true,"href":"https:\/\/promis.ro\/ro\/wp-json\/wp\/v2\/media\/122683"}],"wp:attachment":[{"href":"https:\/\/promis.ro\/ro\/wp-json\/wp\/v2\/media?parent=89576"}],"wp:term":[{"taxonomy":"product_brand","embeddable":true,"href":"https:\/\/promis.ro\/ro\/wp-json\/wp\/v2\/product_brand?post=89576"},{"taxonomy":"product_cat","embeddable":true,"href":"https:\/\/promis.ro\/ro\/wp-json\/wp\/v2\/product_cat?post=89576"},{"taxonomy":"product_tag","embeddable":true,"href":"https:\/\/promis.ro\/ro\/wp-json\/wp\/v2\/product_tag?post=89576"}],"curies":[{"name":"wp","href":"https:\/\/api.w.org\/{rel}","templated":true}]}}