{"id":89881,"date":"2025-11-04T22:37:24","date_gmt":"2025-11-04T22:37:24","guid":{"rendered":"https:\/\/promis.ro\/product\/korenty\/"},"modified":"2025-11-11T14:56:27","modified_gmt":"2025-11-11T14:56:27","slug":"korenty","status":"publish","type":"product","link":"https:\/\/promis.ro\/ro\/produs\/korenty\/","title":{"rendered":"Korenty"},"content":{"rendered":"<p>Un set de 2 parasolare pliabile pentru geamurile ma\u0219inii, fabricate din poliester durabil. U\u0219oare \u0219i m\u0103sur\u00e2nd 44 x 36 cm fiecare, cu margini \u00eent\u0103rite \u0219i prindere prin ventuze (4 unit\u0103\u021bi incluse). Vine cu un sistem simplu de pliere \u0219i o hus\u0103 individual\u0103 asortat\u0103. Culoare alb\u0103 special\u0103 pentru sublimare.<\/p>","protected":false},"excerpt":{"rendered":"<p>Un set de 2 parasolare pliabile pentru geamurile ma\u0219inii, fabricate din poliester durabil. U\u0219oare \u0219i m\u0103sur\u00e2nd 44 x 36 cm<\/p>","protected":false},"featured_media":126451,"comment_status":"open","ping_status":"closed","template":"","meta":[],"product_brand":[],"product_cat":[184],"product_tag":[],"class_list":{"0":"post-89881","1":"product","2":"type-product","3":"status-publish","4":"has-post-thumbnail","6":"product_cat-unelte-pentru-bricolaj-si-masini","8":"first","9":"instock","10":"shipping-taxable","11":"purchasable","12":"product-type-variable"},"_links":{"self":[{"href":"https:\/\/promis.ro\/ro\/wp-json\/wp\/v2\/product\/89881","targetHints":{"allow":["GET"]}}],"collection":[{"href":"https:\/\/promis.ro\/ro\/wp-json\/wp\/v2\/product"}],"about":[{"href":"https:\/\/promis.ro\/ro\/wp-json\/wp\/v2\/types\/product"}],"replies":[{"embeddable":true,"href":"https:\/\/promis.ro\/ro\/wp-json\/wp\/v2\/comments?post=89881"}],"version-history":[{"count":1,"href":"https:\/\/promis.ro\/ro\/wp-json\/wp\/v2\/product\/89881\/revisions"}],"predecessor-version":[{"id":110470,"href":"https:\/\/promis.ro\/ro\/wp-json\/wp\/v2\/product\/89881\/revisions\/110470"}],"wp:featuredmedia":[{"embeddable":true,"href":"https:\/\/promis.ro\/ro\/wp-json\/wp\/v2\/media\/126451"}],"wp:attachment":[{"href":"https:\/\/promis.ro\/ro\/wp-json\/wp\/v2\/media?parent=89881"}],"wp:term":[{"taxonomy":"product_brand","embeddable":true,"href":"https:\/\/promis.ro\/ro\/wp-json\/wp\/v2\/product_brand?post=89881"},{"taxonomy":"product_cat","embeddable":true,"href":"https:\/\/promis.ro\/ro\/wp-json\/wp\/v2\/product_cat?post=89881"},{"taxonomy":"product_tag","embeddable":true,"href":"https:\/\/promis.ro\/ro\/wp-json\/wp\/v2\/product_tag?post=89881"}],"curies":[{"name":"wp","href":"https:\/\/api.w.org\/{rel}","templated":true}]}}