{"id":89882,"date":"2025-11-04T22:37:24","date_gmt":"2025-11-04T22:37:24","guid":{"rendered":"https:\/\/promis.ro\/product\/revile\/"},"modified":"2025-11-11T14:56:27","modified_gmt":"2025-11-11T14:56:27","slug":"revile","status":"publish","type":"product","link":"https:\/\/promis.ro\/ro\/produs\/revile\/","title":{"rendered":"Revile"},"content":{"rendered":"<p>Geant\u0103 elegant\u0103 cu necesar de frumuse\u021be asortat, fabricat\u0103 din poliester 600D durabil. Compartimentul principal \u0219i necesarul de frumuse\u021be din interior au \u00eenchidere cu fermoar. Disponibil\u0103 \u00eentr-o gam\u0103 larg\u0103 de culori, cu m\u00e2nere medii asortate (56 x 3 cm).<\/p>","protected":false},"excerpt":{"rendered":"<p>Geant\u0103 elegant\u0103 cu necesar de frumuse\u021be asortat, fabricat\u0103 din poliester 600D durabil. Compartimentul principal \u0219i necesarul de frumuse\u021be din interior<\/p>","protected":false},"featured_media":126456,"comment_status":"open","ping_status":"closed","template":"","meta":[],"product_brand":[],"product_cat":[188],"product_tag":[],"class_list":{"0":"post-89882","1":"product","2":"type-product","3":"status-publish","4":"has-post-thumbnail","6":"product_cat-vara-si-plaja","8":"first","9":"instock","10":"shipping-taxable","11":"purchasable","12":"product-type-variable"},"_links":{"self":[{"href":"https:\/\/promis.ro\/ro\/wp-json\/wp\/v2\/product\/89882","targetHints":{"allow":["GET"]}}],"collection":[{"href":"https:\/\/promis.ro\/ro\/wp-json\/wp\/v2\/product"}],"about":[{"href":"https:\/\/promis.ro\/ro\/wp-json\/wp\/v2\/types\/product"}],"replies":[{"embeddable":true,"href":"https:\/\/promis.ro\/ro\/wp-json\/wp\/v2\/comments?post=89882"}],"version-history":[{"count":1,"href":"https:\/\/promis.ro\/ro\/wp-json\/wp\/v2\/product\/89882\/revisions"}],"predecessor-version":[{"id":110478,"href":"https:\/\/promis.ro\/ro\/wp-json\/wp\/v2\/product\/89882\/revisions\/110478"}],"wp:featuredmedia":[{"embeddable":true,"href":"https:\/\/promis.ro\/ro\/wp-json\/wp\/v2\/media\/126456"}],"wp:attachment":[{"href":"https:\/\/promis.ro\/ro\/wp-json\/wp\/v2\/media?parent=89882"}],"wp:term":[{"taxonomy":"product_brand","embeddable":true,"href":"https:\/\/promis.ro\/ro\/wp-json\/wp\/v2\/product_brand?post=89882"},{"taxonomy":"product_cat","embeddable":true,"href":"https:\/\/promis.ro\/ro\/wp-json\/wp\/v2\/product_cat?post=89882"},{"taxonomy":"product_tag","embeddable":true,"href":"https:\/\/promis.ro\/ro\/wp-json\/wp\/v2\/product_tag?post=89882"}],"curies":[{"name":"wp","href":"https:\/\/api.w.org\/{rel}","templated":true}]}}