{"id":89999,"date":"2025-11-04T22:38:21","date_gmt":"2025-11-04T22:38:21","guid":{"rendered":"https:\/\/promis.ro\/product\/rokdem\/"},"modified":"2025-11-11T14:56:35","modified_gmt":"2025-11-11T14:56:35","slug":"rokdem","status":"publish","type":"product","link":"https:\/\/promis.ro\/ro\/produs\/rokdem\/","title":{"rendered":"Rokdem"},"content":{"rendered":"<p>Geant\u0103 din PVC, impermeabil\u0103, practic\u0103, cu func\u021bie tactil\u0103 \u0219i sistem de securitate dublu pentru etan\u0219eitate. Proiectat\u0103 special pentru dispozitive cu ecran de 6.5&#8243;. Cu \u0219nur asortat, accesoriu de ajustare \u0219i suprafa\u021b\u0103 mare pentru branding.<\/p>","protected":false},"excerpt":{"rendered":"<p>Geant\u0103 din PVC, impermeabil\u0103, practic\u0103, cu func\u021bie tactil\u0103 \u0219i sistem de securitate dublu pentru etan\u0219eitate. Proiectat\u0103 special pentru dispozitive cu<\/p>","protected":false},"featured_media":126500,"comment_status":"open","ping_status":"closed","template":"","meta":[],"product_brand":[],"product_cat":[188],"product_tag":[],"class_list":{"0":"post-89999","1":"product","2":"type-product","3":"status-publish","4":"has-post-thumbnail","6":"product_cat-vara-si-plaja","8":"first","9":"instock","10":"shipping-taxable","11":"purchasable","12":"product-type-variable"},"_links":{"self":[{"href":"https:\/\/promis.ro\/ro\/wp-json\/wp\/v2\/product\/89999","targetHints":{"allow":["GET"]}}],"collection":[{"href":"https:\/\/promis.ro\/ro\/wp-json\/wp\/v2\/product"}],"about":[{"href":"https:\/\/promis.ro\/ro\/wp-json\/wp\/v2\/types\/product"}],"replies":[{"embeddable":true,"href":"https:\/\/promis.ro\/ro\/wp-json\/wp\/v2\/comments?post=89999"}],"version-history":[{"count":2,"href":"https:\/\/promis.ro\/ro\/wp-json\/wp\/v2\/product\/89999\/revisions"}],"predecessor-version":[{"id":110486,"href":"https:\/\/promis.ro\/ro\/wp-json\/wp\/v2\/product\/89999\/revisions\/110486"}],"wp:featuredmedia":[{"embeddable":true,"href":"https:\/\/promis.ro\/ro\/wp-json\/wp\/v2\/media\/126500"}],"wp:attachment":[{"href":"https:\/\/promis.ro\/ro\/wp-json\/wp\/v2\/media?parent=89999"}],"wp:term":[{"taxonomy":"product_brand","embeddable":true,"href":"https:\/\/promis.ro\/ro\/wp-json\/wp\/v2\/product_brand?post=89999"},{"taxonomy":"product_cat","embeddable":true,"href":"https:\/\/promis.ro\/ro\/wp-json\/wp\/v2\/product_cat?post=89999"},{"taxonomy":"product_tag","embeddable":true,"href":"https:\/\/promis.ro\/ro\/wp-json\/wp\/v2\/product_tag?post=89999"}],"curies":[{"name":"wp","href":"https:\/\/api.w.org\/{rel}","templated":true}]}}