{"id":90038,"date":"2025-11-04T22:38:40","date_gmt":"2025-11-04T22:38:40","guid":{"rendered":"https:\/\/promis.ro\/product\/drazen\/"},"modified":"2025-11-11T14:54:08","modified_gmt":"2025-11-11T14:54:08","slug":"drazen","status":"publish","type":"product","link":"https:\/\/promis.ro\/ro\/produs\/drazen\/","title":{"rendered":"Drazen"},"content":{"rendered":"<p>Geant\u0103 Nature line pentru sticle. Fabricat\u0103 din bumbac organic, cu \u00eenchidere prin \u0219nur \u0219i baz\u0103 din plut\u0103 natural\u0103. Potrivit\u0103 pentru sticle de 750 ml.<\/p>","protected":false},"excerpt":{"rendered":"<p>Geant\u0103 Nature line pentru sticle. Fabricat\u0103 din bumbac organic, cu \u00eenchidere prin \u0219nur \u0219i baz\u0103 din plut\u0103 natural\u0103. Potrivit\u0103 pentru<\/p>","protected":false},"featured_media":126640,"comment_status":"open","ping_status":"closed","template":"","meta":[],"product_brand":[],"product_cat":[172],"product_tag":[],"class_list":{"0":"post-90038","1":"product","2":"type-product","3":"status-publish","4":"has-post-thumbnail","6":"product_cat-cani-borcane-si-thermosuri","8":"first","9":"instock","10":"shipping-taxable","11":"purchasable","12":"product-type-simple"},"_links":{"self":[{"href":"https:\/\/promis.ro\/ro\/wp-json\/wp\/v2\/product\/90038","targetHints":{"allow":["GET"]}}],"collection":[{"href":"https:\/\/promis.ro\/ro\/wp-json\/wp\/v2\/product"}],"about":[{"href":"https:\/\/promis.ro\/ro\/wp-json\/wp\/v2\/types\/product"}],"replies":[{"embeddable":true,"href":"https:\/\/promis.ro\/ro\/wp-json\/wp\/v2\/comments?post=90038"}],"version-history":[{"count":1,"href":"https:\/\/promis.ro\/ro\/wp-json\/wp\/v2\/product\/90038\/revisions"}],"predecessor-version":[{"id":110524,"href":"https:\/\/promis.ro\/ro\/wp-json\/wp\/v2\/product\/90038\/revisions\/110524"}],"wp:featuredmedia":[{"embeddable":true,"href":"https:\/\/promis.ro\/ro\/wp-json\/wp\/v2\/media\/126640"}],"wp:attachment":[{"href":"https:\/\/promis.ro\/ro\/wp-json\/wp\/v2\/media?parent=90038"}],"wp:term":[{"taxonomy":"product_brand","embeddable":true,"href":"https:\/\/promis.ro\/ro\/wp-json\/wp\/v2\/product_brand?post=90038"},{"taxonomy":"product_cat","embeddable":true,"href":"https:\/\/promis.ro\/ro\/wp-json\/wp\/v2\/product_cat?post=90038"},{"taxonomy":"product_tag","embeddable":true,"href":"https:\/\/promis.ro\/ro\/wp-json\/wp\/v2\/product_tag?post=90038"}],"curies":[{"name":"wp","href":"https:\/\/api.w.org\/{rel}","templated":true}]}}