{"id":90041,"date":"2025-11-04T22:38:44","date_gmt":"2025-11-04T22:38:44","guid":{"rendered":"https:\/\/promis.ro\/product\/derrol\/"},"modified":"2025-11-11T14:54:19","modified_gmt":"2025-11-11T14:54:19","slug":"derrol","status":"publish","type":"product","link":"https:\/\/promis.ro\/ro\/produs\/derrol\/","title":{"rendered":"Derrol"},"content":{"rendered":"<p>Set elegant de suporturi premium pentru pahare. Fabricat dintr-o combina\u021bie de materiale naturale: lemn de acacia cu inser\u021bie de extract de marmur\u0103. Inclusiv 2 piese, cu suport din lemn de acacia asortat. Prezentat \u00eentr-o cutie individual\u0103 cu design kraft.<\/p>","protected":false},"excerpt":{"rendered":"<p>Set elegant de suporturi premium pentru pahare. Fabricat dintr-o combina\u021bie de materiale naturale: lemn de acacia cu inser\u021bie de extract<\/p>","protected":false},"featured_media":126651,"comment_status":"open","ping_status":"closed","template":"","meta":[],"product_brand":[],"product_cat":[197],"product_tag":[],"class_list":{"0":"post-90041","1":"product","2":"type-product","3":"status-publish","4":"has-post-thumbnail","6":"product_cat-articole-durabile","8":"first","9":"instock","10":"shipping-taxable","11":"purchasable","12":"product-type-simple"},"_links":{"self":[{"href":"https:\/\/promis.ro\/ro\/wp-json\/wp\/v2\/product\/90041","targetHints":{"allow":["GET"]}}],"collection":[{"href":"https:\/\/promis.ro\/ro\/wp-json\/wp\/v2\/product"}],"about":[{"href":"https:\/\/promis.ro\/ro\/wp-json\/wp\/v2\/types\/product"}],"replies":[{"embeddable":true,"href":"https:\/\/promis.ro\/ro\/wp-json\/wp\/v2\/comments?post=90041"}],"version-history":[{"count":1,"href":"https:\/\/promis.ro\/ro\/wp-json\/wp\/v2\/product\/90041\/revisions"}],"predecessor-version":[{"id":110525,"href":"https:\/\/promis.ro\/ro\/wp-json\/wp\/v2\/product\/90041\/revisions\/110525"}],"wp:featuredmedia":[{"embeddable":true,"href":"https:\/\/promis.ro\/ro\/wp-json\/wp\/v2\/media\/126651"}],"wp:attachment":[{"href":"https:\/\/promis.ro\/ro\/wp-json\/wp\/v2\/media?parent=90041"}],"wp:term":[{"taxonomy":"product_brand","embeddable":true,"href":"https:\/\/promis.ro\/ro\/wp-json\/wp\/v2\/product_brand?post=90041"},{"taxonomy":"product_cat","embeddable":true,"href":"https:\/\/promis.ro\/ro\/wp-json\/wp\/v2\/product_cat?post=90041"},{"taxonomy":"product_tag","embeddable":true,"href":"https:\/\/promis.ro\/ro\/wp-json\/wp\/v2\/product_tag?post=90041"}],"curies":[{"name":"wp","href":"https:\/\/api.w.org\/{rel}","templated":true}]}}