{"id":90042,"date":"2025-11-04T22:38:45","date_gmt":"2025-11-04T22:38:45","guid":{"rendered":"https:\/\/promis.ro\/product\/yagger\/"},"modified":"2025-11-11T14:54:22","modified_gmt":"2025-11-11T14:54:22","slug":"yagger","status":"publish","type":"product","link":"https:\/\/promis.ro\/ro\/produs\/yagger\/","title":{"rendered":"Yagger"},"content":{"rendered":"<p>Set de 4 suporturi de pahare din linia naturii, fabricate din plut\u0103 natural\u0103. Prezentate \u00eentr-un sac din bumbac cu \u00eenchidere prin \u0219nur.<\/p>","protected":false},"excerpt":{"rendered":"<p>Set de 4 suporturi de pahare din linia naturii, fabricate din plut\u0103 natural\u0103. Prezentate \u00eentr-un sac din bumbac cu \u00eenchidere<\/p>","protected":false},"featured_media":126655,"comment_status":"open","ping_status":"closed","template":"","meta":[],"product_brand":[],"product_cat":[197],"product_tag":[],"class_list":{"0":"post-90042","1":"product","2":"type-product","3":"status-publish","4":"has-post-thumbnail","6":"product_cat-articole-durabile","8":"first","9":"instock","10":"shipping-taxable","11":"purchasable","12":"product-type-simple"},"_links":{"self":[{"href":"https:\/\/promis.ro\/ro\/wp-json\/wp\/v2\/product\/90042","targetHints":{"allow":["GET"]}}],"collection":[{"href":"https:\/\/promis.ro\/ro\/wp-json\/wp\/v2\/product"}],"about":[{"href":"https:\/\/promis.ro\/ro\/wp-json\/wp\/v2\/types\/product"}],"replies":[{"embeddable":true,"href":"https:\/\/promis.ro\/ro\/wp-json\/wp\/v2\/comments?post=90042"}],"version-history":[{"count":1,"href":"https:\/\/promis.ro\/ro\/wp-json\/wp\/v2\/product\/90042\/revisions"}],"predecessor-version":[{"id":110528,"href":"https:\/\/promis.ro\/ro\/wp-json\/wp\/v2\/product\/90042\/revisions\/110528"}],"wp:featuredmedia":[{"embeddable":true,"href":"https:\/\/promis.ro\/ro\/wp-json\/wp\/v2\/media\/126655"}],"wp:attachment":[{"href":"https:\/\/promis.ro\/ro\/wp-json\/wp\/v2\/media?parent=90042"}],"wp:term":[{"taxonomy":"product_brand","embeddable":true,"href":"https:\/\/promis.ro\/ro\/wp-json\/wp\/v2\/product_brand?post=90042"},{"taxonomy":"product_cat","embeddable":true,"href":"https:\/\/promis.ro\/ro\/wp-json\/wp\/v2\/product_cat?post=90042"},{"taxonomy":"product_tag","embeddable":true,"href":"https:\/\/promis.ro\/ro\/wp-json\/wp\/v2\/product_tag?post=90042"}],"curies":[{"name":"wp","href":"https:\/\/api.w.org\/{rel}","templated":true}]}}