{"id":90043,"date":"2025-11-04T22:38:45","date_gmt":"2025-11-04T22:38:45","guid":{"rendered":"https:\/\/promis.ro\/product\/deyong\/"},"modified":"2025-11-11T14:54:26","modified_gmt":"2025-11-11T14:54:26","slug":"deyong","status":"publish","type":"product","link":"https:\/\/promis.ro\/ro\/produs\/deyong\/","title":{"rendered":"Deyong"},"content":{"rendered":"<p>Desf\u0103c\u0103tor electric de dopuri fabricat din o\u021bel inoxidabil \u0219i ABS rezistent, cu t\u0103ietor de capsule inclus. Prezentat \u00eentr-o cutie individual\u0103, cu manual de instruc\u021biuni \u00een englez\u0103 \u0219i spaniol\u0103. Func\u021bioneaz\u0103 cu baterii (4xAA nu sunt incluse).<\/p>","protected":false},"excerpt":{"rendered":"<p>Desf\u0103c\u0103tor electric de dopuri fabricat din o\u021bel inoxidabil \u0219i ABS rezistent, cu t\u0103ietor de capsule inclus. Prezentat \u00eentr-o cutie individual\u0103,<\/p>","protected":false},"featured_media":126659,"comment_status":"open","ping_status":"closed","template":"","meta":[],"product_brand":[],"product_cat":[172],"product_tag":[],"class_list":{"0":"post-90043","1":"product","2":"type-product","3":"status-publish","4":"has-post-thumbnail","6":"product_cat-cani-borcane-si-thermosuri","8":"first","9":"instock","10":"shipping-taxable","11":"purchasable","12":"product-type-simple"},"_links":{"self":[{"href":"https:\/\/promis.ro\/ro\/wp-json\/wp\/v2\/product\/90043","targetHints":{"allow":["GET"]}}],"collection":[{"href":"https:\/\/promis.ro\/ro\/wp-json\/wp\/v2\/product"}],"about":[{"href":"https:\/\/promis.ro\/ro\/wp-json\/wp\/v2\/types\/product"}],"replies":[{"embeddable":true,"href":"https:\/\/promis.ro\/ro\/wp-json\/wp\/v2\/comments?post=90043"}],"version-history":[{"count":1,"href":"https:\/\/promis.ro\/ro\/wp-json\/wp\/v2\/product\/90043\/revisions"}],"predecessor-version":[{"id":110534,"href":"https:\/\/promis.ro\/ro\/wp-json\/wp\/v2\/product\/90043\/revisions\/110534"}],"wp:featuredmedia":[{"embeddable":true,"href":"https:\/\/promis.ro\/ro\/wp-json\/wp\/v2\/media\/126659"}],"wp:attachment":[{"href":"https:\/\/promis.ro\/ro\/wp-json\/wp\/v2\/media?parent=90043"}],"wp:term":[{"taxonomy":"product_brand","embeddable":true,"href":"https:\/\/promis.ro\/ro\/wp-json\/wp\/v2\/product_brand?post=90043"},{"taxonomy":"product_cat","embeddable":true,"href":"https:\/\/promis.ro\/ro\/wp-json\/wp\/v2\/product_cat?post=90043"},{"taxonomy":"product_tag","embeddable":true,"href":"https:\/\/promis.ro\/ro\/wp-json\/wp\/v2\/product_tag?post=90043"}],"curies":[{"name":"wp","href":"https:\/\/api.w.org\/{rel}","templated":true}]}}