{"id":90047,"date":"2025-11-04T22:38:46","date_gmt":"2025-11-04T22:38:46","guid":{"rendered":"https:\/\/promis.ro\/product\/kaicel\/"},"modified":"2025-11-11T14:54:40","modified_gmt":"2025-11-11T14:54:40","slug":"kaicel","status":"publish","type":"product","link":"https:\/\/promis.ro\/ro\/produs\/kaicel\/","title":{"rendered":"Kaicel"},"content":{"rendered":"<p>Pereche de papuci unisex. Fabricati din Felt RPET, rezultatul combin\u0103rii proceselor de reciclare a materialelor plastice \u00eempreun\u0103 cu tehnica milenar\u0103 de fabricare a fetelui, rezult\u00e2nd un material eco-trend care, pe l\u00e2ng\u0103 faptul c\u0103 este de origine reciclat\u0103, devine de asemenea reciclabil. Interior confortabil c\u0103ptu\u0219it, cu cus\u0103turi \u00eent\u0103rite \u0219i \u00eentr-o m\u0103rime 36-43.<\/p>","protected":false},"excerpt":{"rendered":"<p>Pereche de papuci unisex. Fabricati din Felt RPET, rezultatul combin\u0103rii proceselor de reciclare a materialelor plastice \u00eempreun\u0103 cu tehnica milenar\u0103<\/p>","protected":false},"featured_media":126671,"comment_status":"open","ping_status":"closed","template":"","meta":[],"product_brand":[],"product_cat":[197],"product_tag":[],"class_list":{"0":"post-90047","1":"product","2":"type-product","3":"status-publish","4":"has-post-thumbnail","6":"product_cat-articole-durabile","8":"first","9":"instock","10":"shipping-taxable","11":"purchasable","12":"product-type-simple"},"_links":{"self":[{"href":"https:\/\/promis.ro\/ro\/wp-json\/wp\/v2\/product\/90047","targetHints":{"allow":["GET"]}}],"collection":[{"href":"https:\/\/promis.ro\/ro\/wp-json\/wp\/v2\/product"}],"about":[{"href":"https:\/\/promis.ro\/ro\/wp-json\/wp\/v2\/types\/product"}],"replies":[{"embeddable":true,"href":"https:\/\/promis.ro\/ro\/wp-json\/wp\/v2\/comments?post=90047"}],"version-history":[{"count":1,"href":"https:\/\/promis.ro\/ro\/wp-json\/wp\/v2\/product\/90047\/revisions"}],"predecessor-version":[{"id":110546,"href":"https:\/\/promis.ro\/ro\/wp-json\/wp\/v2\/product\/90047\/revisions\/110546"}],"wp:featuredmedia":[{"embeddable":true,"href":"https:\/\/promis.ro\/ro\/wp-json\/wp\/v2\/media\/126671"}],"wp:attachment":[{"href":"https:\/\/promis.ro\/ro\/wp-json\/wp\/v2\/media?parent=90047"}],"wp:term":[{"taxonomy":"product_brand","embeddable":true,"href":"https:\/\/promis.ro\/ro\/wp-json\/wp\/v2\/product_brand?post=90047"},{"taxonomy":"product_cat","embeddable":true,"href":"https:\/\/promis.ro\/ro\/wp-json\/wp\/v2\/product_cat?post=90047"},{"taxonomy":"product_tag","embeddable":true,"href":"https:\/\/promis.ro\/ro\/wp-json\/wp\/v2\/product_tag?post=90047"}],"curies":[{"name":"wp","href":"https:\/\/api.w.org\/{rel}","templated":true}]}}