{"id":90048,"date":"2025-11-04T22:38:47","date_gmt":"2025-11-04T22:38:47","guid":{"rendered":"https:\/\/promis.ro\/product\/varn\/"},"modified":"2025-11-11T14:54:43","modified_gmt":"2025-11-11T14:54:43","slug":"varn","status":"publish","type":"product","link":"https:\/\/promis.ro\/ro\/produs\/varn\/","title":{"rendered":"Varn"},"content":{"rendered":"<p>Sticl\u0103 termic\u0103 cu capacitate de 500 ml, fabricat\u0103 din o\u021bel inoxidabil cu perete dublu \u0219i special conceput\u0103 pentru imprimarea prin sublimare. Finisaj alb lucios cu capac cu filet asortat, f\u0103r\u0103 BPA. Prezentat\u0103 \u00eentr-o cutie individual\u0103 cu design kraft. Manual de instruc\u021biuni disponibil \u00een spaniol\u0103 \u0219i englez\u0103.<\/p>","protected":false},"excerpt":{"rendered":"<p>Sticl\u0103 termic\u0103 cu capacitate de 500 ml, fabricat\u0103 din o\u021bel inoxidabil cu perete dublu \u0219i special conceput\u0103 pentru imprimarea prin<\/p>","protected":false},"featured_media":126676,"comment_status":"open","ping_status":"closed","template":"","meta":[],"product_brand":[],"product_cat":[172],"product_tag":[],"class_list":{"0":"post-90048","1":"product","2":"type-product","3":"status-publish","4":"has-post-thumbnail","6":"product_cat-cani-borcane-si-thermosuri","8":"first","9":"instock","10":"shipping-taxable","11":"purchasable","12":"product-type-simple"},"_links":{"self":[{"href":"https:\/\/promis.ro\/ro\/wp-json\/wp\/v2\/product\/90048","targetHints":{"allow":["GET"]}}],"collection":[{"href":"https:\/\/promis.ro\/ro\/wp-json\/wp\/v2\/product"}],"about":[{"href":"https:\/\/promis.ro\/ro\/wp-json\/wp\/v2\/types\/product"}],"replies":[{"embeddable":true,"href":"https:\/\/promis.ro\/ro\/wp-json\/wp\/v2\/comments?post=90048"}],"version-history":[{"count":1,"href":"https:\/\/promis.ro\/ro\/wp-json\/wp\/v2\/product\/90048\/revisions"}],"predecessor-version":[{"id":110549,"href":"https:\/\/promis.ro\/ro\/wp-json\/wp\/v2\/product\/90048\/revisions\/110549"}],"wp:featuredmedia":[{"embeddable":true,"href":"https:\/\/promis.ro\/ro\/wp-json\/wp\/v2\/media\/126676"}],"wp:attachment":[{"href":"https:\/\/promis.ro\/ro\/wp-json\/wp\/v2\/media?parent=90048"}],"wp:term":[{"taxonomy":"product_brand","embeddable":true,"href":"https:\/\/promis.ro\/ro\/wp-json\/wp\/v2\/product_brand?post=90048"},{"taxonomy":"product_cat","embeddable":true,"href":"https:\/\/promis.ro\/ro\/wp-json\/wp\/v2\/product_cat?post=90048"},{"taxonomy":"product_tag","embeddable":true,"href":"https:\/\/promis.ro\/ro\/wp-json\/wp\/v2\/product_tag?post=90048"}],"curies":[{"name":"wp","href":"https:\/\/api.w.org\/{rel}","templated":true}]}}