{"id":90049,"date":"2025-11-04T22:38:47","date_gmt":"2025-11-04T22:38:47","guid":{"rendered":"https:\/\/promis.ro\/product\/hippo\/"},"modified":"2025-11-11T14:56:49","modified_gmt":"2025-11-11T14:56:49","slug":"hippo","status":"publish","type":"product","link":"https:\/\/promis.ro\/ro\/produs\/hippo\/","title":{"rendered":"Hippo"},"content":{"rendered":"<p>Cutie de economii cu design cool de hipopotam, fabricat\u0103 din PVC moale \u0219i rezistent, sigur pentru copii. Cu capac inferior \u0219i disponibil\u0103 \u00eentr-o gam\u0103 larg\u0103 de culori.<\/p>","protected":false},"excerpt":{"rendered":"<p>Cutie de economii cu design cool de hipopotam, fabricat\u0103 din PVC moale \u0219i rezistent, sigur pentru copii. Cu capac inferior<\/p>","protected":false},"featured_media":126679,"comment_status":"open","ping_status":"closed","template":"","meta":[],"product_brand":[],"product_cat":[182],"product_tag":[],"class_list":{"0":"post-90049","1":"product","2":"type-product","3":"status-publish","4":"has-post-thumbnail","6":"product_cat-copii","8":"first","9":"instock","10":"shipping-taxable","11":"purchasable","12":"product-type-variable"},"_links":{"self":[{"href":"https:\/\/promis.ro\/ro\/wp-json\/wp\/v2\/product\/90049","targetHints":{"allow":["GET"]}}],"collection":[{"href":"https:\/\/promis.ro\/ro\/wp-json\/wp\/v2\/product"}],"about":[{"href":"https:\/\/promis.ro\/ro\/wp-json\/wp\/v2\/types\/product"}],"replies":[{"embeddable":true,"href":"https:\/\/promis.ro\/ro\/wp-json\/wp\/v2\/comments?post=90049"}],"version-history":[{"count":1,"href":"https:\/\/promis.ro\/ro\/wp-json\/wp\/v2\/product\/90049\/revisions"}],"predecessor-version":[{"id":110539,"href":"https:\/\/promis.ro\/ro\/wp-json\/wp\/v2\/product\/90049\/revisions\/110539"}],"wp:featuredmedia":[{"embeddable":true,"href":"https:\/\/promis.ro\/ro\/wp-json\/wp\/v2\/media\/126679"}],"wp:attachment":[{"href":"https:\/\/promis.ro\/ro\/wp-json\/wp\/v2\/media?parent=90049"}],"wp:term":[{"taxonomy":"product_brand","embeddable":true,"href":"https:\/\/promis.ro\/ro\/wp-json\/wp\/v2\/product_brand?post=90049"},{"taxonomy":"product_cat","embeddable":true,"href":"https:\/\/promis.ro\/ro\/wp-json\/wp\/v2\/product_cat?post=90049"},{"taxonomy":"product_tag","embeddable":true,"href":"https:\/\/promis.ro\/ro\/wp-json\/wp\/v2\/product_tag?post=90049"}],"curies":[{"name":"wp","href":"https:\/\/api.w.org\/{rel}","templated":true}]}}