{"id":90051,"date":"2025-11-04T22:38:48","date_gmt":"2025-11-04T22:38:48","guid":{"rendered":"https:\/\/promis.ro\/product\/harriet\/"},"modified":"2025-11-11T14:54:50","modified_gmt":"2025-11-11T14:54:50","slug":"harriet","status":"publish","type":"product","link":"https:\/\/promis.ro\/ro\/produs\/harriet\/","title":{"rendered":"Harriet"},"content":{"rendered":"<p>Sticl\u0103 cu design exclusiv Limitat\u0103. Capacitate de 850ml, fabricat\u0103 din o\u021bel inoxidabil durabil cu finisaj mat. Model elegant \u00een form\u0103 de diamant \u00een jurul corpului. Prezentat\u0103 \u00eentr-o cutie de Experien\u021b\u0103 Limitat\u0103, cu design unic \u0219i protejat\u0103 prin drepturi de proprietate industrial\u0103. Card din carton reciclat cu descrierea Limitat\u0103 inclus. Din combina\u021bia perfect\u0103 \u00eentre exclusivitate \u0219i design provine Limitata, o colec\u021bie special\u0103 de idei promo\u021bionale \u00een edi\u021bie limitat\u0103. Un nou concept, inspirat de fuziunea articolelor premium cu cele mai recente tendin\u021be, \u00een loturi de unit\u0103\u021bi limitate, oferind o experien\u021b\u0103 de cadou unic\u0103, exclusiv\u0103 \u0219i de neuitat.<\/p>","protected":false},"excerpt":{"rendered":"<p>Sticl\u0103 cu design exclusiv Limitat\u0103. Capacitate de 850ml, fabricat\u0103 din o\u021bel inoxidabil durabil cu finisaj mat. Model elegant \u00een form\u0103<\/p>","protected":false},"featured_media":126685,"comment_status":"open","ping_status":"closed","template":"","meta":[],"product_brand":[],"product_cat":[195],"product_tag":[],"class_list":{"0":"post-90051","1":"product","2":"type-product","3":"status-publish","4":"has-post-thumbnail","6":"product_cat-editie-limitata","8":"first","9":"outofstock","10":"shipping-taxable","11":"purchasable","12":"product-type-simple"},"_links":{"self":[{"href":"https:\/\/promis.ro\/ro\/wp-json\/wp\/v2\/product\/90051","targetHints":{"allow":["GET"]}}],"collection":[{"href":"https:\/\/promis.ro\/ro\/wp-json\/wp\/v2\/product"}],"about":[{"href":"https:\/\/promis.ro\/ro\/wp-json\/wp\/v2\/types\/product"}],"replies":[{"embeddable":true,"href":"https:\/\/promis.ro\/ro\/wp-json\/wp\/v2\/comments?post=90051"}],"version-history":[{"count":1,"href":"https:\/\/promis.ro\/ro\/wp-json\/wp\/v2\/product\/90051\/revisions"}],"predecessor-version":[{"id":110569,"href":"https:\/\/promis.ro\/ro\/wp-json\/wp\/v2\/product\/90051\/revisions\/110569"}],"wp:featuredmedia":[{"embeddable":true,"href":"https:\/\/promis.ro\/ro\/wp-json\/wp\/v2\/media\/126685"}],"wp:attachment":[{"href":"https:\/\/promis.ro\/ro\/wp-json\/wp\/v2\/media?parent=90051"}],"wp:term":[{"taxonomy":"product_brand","embeddable":true,"href":"https:\/\/promis.ro\/ro\/wp-json\/wp\/v2\/product_brand?post=90051"},{"taxonomy":"product_cat","embeddable":true,"href":"https:\/\/promis.ro\/ro\/wp-json\/wp\/v2\/product_cat?post=90051"},{"taxonomy":"product_tag","embeddable":true,"href":"https:\/\/promis.ro\/ro\/wp-json\/wp\/v2\/product_tag?post=90051"}],"curies":[{"name":"wp","href":"https:\/\/api.w.org\/{rel}","templated":true}]}}