{"id":90052,"date":"2025-11-04T22:38:48","date_gmt":"2025-11-04T22:38:48","guid":{"rendered":"https:\/\/promis.ro\/product\/laybax\/"},"modified":"2025-11-11T14:56:47","modified_gmt":"2025-11-11T14:56:47","slug":"laybax","status":"publish","type":"product","link":"https:\/\/promis.ro\/ro\/produs\/laybax\/","title":{"rendered":"Laybax"},"content":{"rendered":"<p>Etui pentru creioane din linia Nature, fabricat din bumbac reciclat. Compartiment principal cu \u00eenchidere cu fermoar \u0219i etichet\u0103 din bumbac reciclat. Disponibil \u00eentr-o gam\u0103 larg\u0103 de culori.<\/p>","protected":false},"excerpt":{"rendered":"<p>Etui pentru creioane din linia Nature, fabricat din bumbac reciclat. Compartiment principal cu \u00eenchidere cu fermoar \u0219i etichet\u0103 din bumbac<\/p>","protected":false},"featured_media":126687,"comment_status":"open","ping_status":"closed","template":"","meta":[],"product_brand":[],"product_cat":[175],"product_tag":[],"class_list":{"0":"post-90052","1":"product","2":"type-product","3":"status-publish","4":"has-post-thumbnail","6":"product_cat-scris","8":"first","9":"instock","10":"shipping-taxable","11":"purchasable","12":"product-type-variable"},"_links":{"self":[{"href":"https:\/\/promis.ro\/ro\/wp-json\/wp\/v2\/product\/90052","targetHints":{"allow":["GET"]}}],"collection":[{"href":"https:\/\/promis.ro\/ro\/wp-json\/wp\/v2\/product"}],"about":[{"href":"https:\/\/promis.ro\/ro\/wp-json\/wp\/v2\/types\/product"}],"replies":[{"embeddable":true,"href":"https:\/\/promis.ro\/ro\/wp-json\/wp\/v2\/comments?post=90052"}],"version-history":[{"count":1,"href":"https:\/\/promis.ro\/ro\/wp-json\/wp\/v2\/product\/90052\/revisions"}],"predecessor-version":[{"id":110545,"href":"https:\/\/promis.ro\/ro\/wp-json\/wp\/v2\/product\/90052\/revisions\/110545"}],"wp:featuredmedia":[{"embeddable":true,"href":"https:\/\/promis.ro\/ro\/wp-json\/wp\/v2\/media\/126687"}],"wp:attachment":[{"href":"https:\/\/promis.ro\/ro\/wp-json\/wp\/v2\/media?parent=90052"}],"wp:term":[{"taxonomy":"product_brand","embeddable":true,"href":"https:\/\/promis.ro\/ro\/wp-json\/wp\/v2\/product_brand?post=90052"},{"taxonomy":"product_cat","embeddable":true,"href":"https:\/\/promis.ro\/ro\/wp-json\/wp\/v2\/product_cat?post=90052"},{"taxonomy":"product_tag","embeddable":true,"href":"https:\/\/promis.ro\/ro\/wp-json\/wp\/v2\/product_tag?post=90052"}],"curies":[{"name":"wp","href":"https:\/\/api.w.org\/{rel}","templated":true}]}}