{"id":90241,"date":"2025-11-04T22:40:21","date_gmt":"2025-11-04T22:40:21","guid":{"rendered":"https:\/\/promis.ro\/product\/cheddy\/"},"modified":"2025-11-11T15:02:49","modified_gmt":"2025-11-11T15:02:49","slug":"cheddy","status":"publish","type":"product","link":"https:\/\/promis.ro\/ro\/produs\/cheddy\/","title":{"rendered":"Cheddy"},"content":{"rendered":"<p>Sticl\u0103 de dimensiuni jumbo, capacitate de 1,5 l, fabricat\u0103 din o\u021bel inoxidabil cu finisaj lucios. Cu capac original, din o\u021bel inoxidabil, cu filet, \u0219i m\u00e2nere integrate. F\u0103r\u0103 BPA \u0219i prezentat\u0103 \u00eentr-o cutie individual\u0103 cu design kraft. Manual de instruc\u021biuni disponibil \u00een spaniol\u0103 \u0219i englez\u0103.<\/p>","protected":false},"excerpt":{"rendered":"<p>Sticl\u0103 de dimensiuni jumbo, capacitate de 1,5 l, fabricat\u0103 din o\u021bel inoxidabil cu finisaj lucios. Cu capac original, din o\u021bel<\/p>","protected":false},"featured_media":127263,"comment_status":"open","ping_status":"closed","template":"","meta":[],"product_brand":[],"product_cat":[172],"product_tag":[],"class_list":{"0":"post-90241","1":"product","2":"type-product","3":"status-publish","4":"has-post-thumbnail","6":"product_cat-cani-borcane-si-thermosuri","8":"first","9":"outofstock","10":"shipping-taxable","11":"purchasable","12":"product-type-simple"},"_links":{"self":[{"href":"https:\/\/promis.ro\/ro\/wp-json\/wp\/v2\/product\/90241","targetHints":{"allow":["GET"]}}],"collection":[{"href":"https:\/\/promis.ro\/ro\/wp-json\/wp\/v2\/product"}],"about":[{"href":"https:\/\/promis.ro\/ro\/wp-json\/wp\/v2\/types\/product"}],"replies":[{"embeddable":true,"href":"https:\/\/promis.ro\/ro\/wp-json\/wp\/v2\/comments?post=90241"}],"version-history":[{"count":1,"href":"https:\/\/promis.ro\/ro\/wp-json\/wp\/v2\/product\/90241\/revisions"}],"predecessor-version":[{"id":110657,"href":"https:\/\/promis.ro\/ro\/wp-json\/wp\/v2\/product\/90241\/revisions\/110657"}],"wp:featuredmedia":[{"embeddable":true,"href":"https:\/\/promis.ro\/ro\/wp-json\/wp\/v2\/media\/127263"}],"wp:attachment":[{"href":"https:\/\/promis.ro\/ro\/wp-json\/wp\/v2\/media?parent=90241"}],"wp:term":[{"taxonomy":"product_brand","embeddable":true,"href":"https:\/\/promis.ro\/ro\/wp-json\/wp\/v2\/product_brand?post=90241"},{"taxonomy":"product_cat","embeddable":true,"href":"https:\/\/promis.ro\/ro\/wp-json\/wp\/v2\/product_cat?post=90241"},{"taxonomy":"product_tag","embeddable":true,"href":"https:\/\/promis.ro\/ro\/wp-json\/wp\/v2\/product_tag?post=90241"}],"curies":[{"name":"wp","href":"https:\/\/api.w.org\/{rel}","templated":true}]}}