{"id":90246,"date":"2025-11-04T22:40:27","date_gmt":"2025-11-04T22:40:27","guid":{"rendered":"https:\/\/promis.ro\/product\/aderox\/"},"modified":"2025-11-11T15:02:59","modified_gmt":"2025-11-11T15:02:59","slug":"aderox","status":"publish","type":"product","link":"https:\/\/promis.ro\/ro\/produs\/aderox\/","title":{"rendered":"Aderox"},"content":{"rendered":"<p>Sticl\u0103 din linia Nature cu o capacitate de 470 ml. Corp din sticl\u0103, cu baz\u0103 din plut\u0103. Inclus capac original din bambus cu \u0219urub \u0219i m\u00e2nere integrate. Prezentat\u0103 \u00eentr-o cutie individual\u0103 cu design ecologic.<\/p>","protected":false},"excerpt":{"rendered":"<p>Sticl\u0103 din linia Nature cu o capacitate de 470 ml. Corp din sticl\u0103, cu baz\u0103 din plut\u0103. Inclus capac original<\/p>","protected":false},"featured_media":127273,"comment_status":"open","ping_status":"closed","template":"","meta":[],"product_brand":[],"product_cat":[172],"product_tag":[],"class_list":{"0":"post-90246","1":"product","2":"type-product","3":"status-publish","4":"has-post-thumbnail","6":"product_cat-cani-borcane-si-thermosuri","8":"first","9":"instock","10":"shipping-taxable","11":"purchasable","12":"product-type-simple"},"_links":{"self":[{"href":"https:\/\/promis.ro\/ro\/wp-json\/wp\/v2\/product\/90246","targetHints":{"allow":["GET"]}}],"collection":[{"href":"https:\/\/promis.ro\/ro\/wp-json\/wp\/v2\/product"}],"about":[{"href":"https:\/\/promis.ro\/ro\/wp-json\/wp\/v2\/types\/product"}],"replies":[{"embeddable":true,"href":"https:\/\/promis.ro\/ro\/wp-json\/wp\/v2\/comments?post=90246"}],"version-history":[{"count":1,"href":"https:\/\/promis.ro\/ro\/wp-json\/wp\/v2\/product\/90246\/revisions"}],"predecessor-version":[{"id":110658,"href":"https:\/\/promis.ro\/ro\/wp-json\/wp\/v2\/product\/90246\/revisions\/110658"}],"wp:featuredmedia":[{"embeddable":true,"href":"https:\/\/promis.ro\/ro\/wp-json\/wp\/v2\/media\/127273"}],"wp:attachment":[{"href":"https:\/\/promis.ro\/ro\/wp-json\/wp\/v2\/media?parent=90246"}],"wp:term":[{"taxonomy":"product_brand","embeddable":true,"href":"https:\/\/promis.ro\/ro\/wp-json\/wp\/v2\/product_brand?post=90246"},{"taxonomy":"product_cat","embeddable":true,"href":"https:\/\/promis.ro\/ro\/wp-json\/wp\/v2\/product_cat?post=90246"},{"taxonomy":"product_tag","embeddable":true,"href":"https:\/\/promis.ro\/ro\/wp-json\/wp\/v2\/product_tag?post=90246"}],"curies":[{"name":"wp","href":"https:\/\/api.w.org\/{rel}","templated":true}]}}