{"id":90247,"date":"2025-11-04T22:40:27","date_gmt":"2025-11-04T22:40:27","guid":{"rendered":"https:\/\/promis.ro\/product\/nowsly\/"},"modified":"2025-11-11T15:03:02","modified_gmt":"2025-11-11T15:03:02","slug":"nowsly","status":"publish","type":"product","link":"https:\/\/promis.ro\/ro\/produs\/nowsly\/","title":{"rendered":"Nowsly"},"content":{"rendered":"<p>Sticl\u0103 multifunc\u021bional\u0103 Nature line cu o capacitate de 450 ml. Corp din sticl\u0103, cu band\u0103 central\u0103 din bambus. Inclus capac din bambus cu \u0219urub, dotat cu suport integrat pentru smartphone. Prezentat\u0103 \u00eentr-o cutie ecologic\u0103 de design individual.<\/p>","protected":false},"excerpt":{"rendered":"<p>Sticl\u0103 multifunc\u021bional\u0103 Nature line cu o capacitate de 450 ml. Corp din sticl\u0103, cu band\u0103 central\u0103 din bambus. Inclus capac<\/p>","protected":false},"featured_media":127275,"comment_status":"open","ping_status":"closed","template":"","meta":[],"product_brand":[],"product_cat":[172],"product_tag":[],"class_list":{"0":"post-90247","1":"product","2":"type-product","3":"status-publish","4":"has-post-thumbnail","6":"product_cat-cani-borcane-si-thermosuri","8":"first","9":"instock","10":"shipping-taxable","11":"purchasable","12":"product-type-simple"},"_links":{"self":[{"href":"https:\/\/promis.ro\/ro\/wp-json\/wp\/v2\/product\/90247","targetHints":{"allow":["GET"]}}],"collection":[{"href":"https:\/\/promis.ro\/ro\/wp-json\/wp\/v2\/product"}],"about":[{"href":"https:\/\/promis.ro\/ro\/wp-json\/wp\/v2\/types\/product"}],"replies":[{"embeddable":true,"href":"https:\/\/promis.ro\/ro\/wp-json\/wp\/v2\/comments?post=90247"}],"version-history":[{"count":1,"href":"https:\/\/promis.ro\/ro\/wp-json\/wp\/v2\/product\/90247\/revisions"}],"predecessor-version":[{"id":110654,"href":"https:\/\/promis.ro\/ro\/wp-json\/wp\/v2\/product\/90247\/revisions\/110654"}],"wp:featuredmedia":[{"embeddable":true,"href":"https:\/\/promis.ro\/ro\/wp-json\/wp\/v2\/media\/127275"}],"wp:attachment":[{"href":"https:\/\/promis.ro\/ro\/wp-json\/wp\/v2\/media?parent=90247"}],"wp:term":[{"taxonomy":"product_brand","embeddable":true,"href":"https:\/\/promis.ro\/ro\/wp-json\/wp\/v2\/product_brand?post=90247"},{"taxonomy":"product_cat","embeddable":true,"href":"https:\/\/promis.ro\/ro\/wp-json\/wp\/v2\/product_cat?post=90247"},{"taxonomy":"product_tag","embeddable":true,"href":"https:\/\/promis.ro\/ro\/wp-json\/wp\/v2\/product_tag?post=90247"}],"curies":[{"name":"wp","href":"https:\/\/api.w.org\/{rel}","templated":true}]}}