{"id":90248,"date":"2025-11-04T22:40:28","date_gmt":"2025-11-04T22:40:28","guid":{"rendered":"https:\/\/promis.ro\/product\/tromury\/"},"modified":"2025-11-11T15:03:05","modified_gmt":"2025-11-11T15:03:05","slug":"tromury","status":"publish","type":"product","link":"https:\/\/promis.ro\/ro\/produs\/tromury\/","title":{"rendered":"Tromury"},"content":{"rendered":"<p>Sticl\u0103 de \u00eenalt\u0103 calitate, linie natural\u0103, cu o capacitate de 500 ml. Corp realizat din sticl\u0103 borosilicat\u0103, f\u0103r\u0103 BPA, care ofer\u0103 o rezisten\u021b\u0103 \u0219i durabilitate excep\u021bionale, extinz\u00e2nd durata de via\u021b\u0103 \u0219i fiind capabil s\u0103 fie reutilizat de nenum\u0103rate ori. Inclusiv man\u0219on din plut\u0103 natural\u0103, capac din bambus cu sistem de prindere \u0219i fanta pentru pai, \u0219i pai din bambus reutilizabil. Prezentat \u00eentr-o cutie ecologic\u0103 de design individual.<\/p>","protected":false},"excerpt":{"rendered":"<p>Sticl\u0103 de \u00eenalt\u0103 calitate, linie natural\u0103, cu o capacitate de 500 ml. Corp realizat din sticl\u0103 borosilicat\u0103, f\u0103r\u0103 BPA, care<\/p>","protected":false},"featured_media":127278,"comment_status":"open","ping_status":"closed","template":"","meta":[],"product_brand":[],"product_cat":[197],"product_tag":[],"class_list":{"0":"post-90248","1":"product","2":"type-product","3":"status-publish","4":"has-post-thumbnail","6":"product_cat-articole-durabile","8":"first","9":"instock","10":"shipping-taxable","11":"purchasable","12":"product-type-simple"},"_links":{"self":[{"href":"https:\/\/promis.ro\/ro\/wp-json\/wp\/v2\/product\/90248","targetHints":{"allow":["GET"]}}],"collection":[{"href":"https:\/\/promis.ro\/ro\/wp-json\/wp\/v2\/product"}],"about":[{"href":"https:\/\/promis.ro\/ro\/wp-json\/wp\/v2\/types\/product"}],"replies":[{"embeddable":true,"href":"https:\/\/promis.ro\/ro\/wp-json\/wp\/v2\/comments?post=90248"}],"version-history":[{"count":1,"href":"https:\/\/promis.ro\/ro\/wp-json\/wp\/v2\/product\/90248\/revisions"}],"predecessor-version":[{"id":110670,"href":"https:\/\/promis.ro\/ro\/wp-json\/wp\/v2\/product\/90248\/revisions\/110670"}],"wp:featuredmedia":[{"embeddable":true,"href":"https:\/\/promis.ro\/ro\/wp-json\/wp\/v2\/media\/127278"}],"wp:attachment":[{"href":"https:\/\/promis.ro\/ro\/wp-json\/wp\/v2\/media?parent=90248"}],"wp:term":[{"taxonomy":"product_brand","embeddable":true,"href":"https:\/\/promis.ro\/ro\/wp-json\/wp\/v2\/product_brand?post=90248"},{"taxonomy":"product_cat","embeddable":true,"href":"https:\/\/promis.ro\/ro\/wp-json\/wp\/v2\/product_cat?post=90248"},{"taxonomy":"product_tag","embeddable":true,"href":"https:\/\/promis.ro\/ro\/wp-json\/wp\/v2\/product_tag?post=90248"}],"curies":[{"name":"wp","href":"https:\/\/api.w.org\/{rel}","templated":true}]}}