{"id":90251,"date":"2025-11-04T22:40:29","date_gmt":"2025-11-04T22:40:29","guid":{"rendered":"https:\/\/promis.ro\/product\/bucky-2\/"},"modified":"2025-11-11T15:11:55","modified_gmt":"2025-11-11T15:11:55","slug":"bucky-2","status":"publish","type":"product","link":"https:\/\/promis.ro\/ro\/produs\/bucky-2\/","title":{"rendered":"Bucky"},"content":{"rendered":"<p>Sticl\u0103 cu capacitate de 600 ml, fabricat\u0103 din o\u021bel inoxidabil. Capac cu filet asortat, f\u0103r\u0103 BPA, cu inel de transport integrat, pliabil \u0219i finisaj cromat. Disponibil\u0103 \u00eentr-o gam\u0103 larg\u0103 de culori satin \u0219i prezentat\u0103 \u00eentr-o cutie individual\u0103 cu design kraft. Manual de instruc\u021biuni disponibil \u00een spaniol\u0103 \u0219i englez\u0103.<\/p>","protected":false},"excerpt":{"rendered":"<p>Sticl\u0103 cu capacitate de 600 ml, fabricat\u0103 din o\u021bel inoxidabil. Capac cu filet asortat, f\u0103r\u0103 BPA, cu inel de transport<\/p>","protected":false},"featured_media":127433,"comment_status":"open","ping_status":"closed","template":"","meta":[],"product_brand":[],"product_cat":[172],"product_tag":[],"class_list":{"0":"post-90251","1":"product","2":"type-product","3":"status-publish","4":"has-post-thumbnail","6":"product_cat-cani-borcane-si-thermosuri","8":"first","9":"instock","10":"shipping-taxable","11":"purchasable","12":"product-type-variable"},"_links":{"self":[{"href":"https:\/\/promis.ro\/ro\/wp-json\/wp\/v2\/product\/90251","targetHints":{"allow":["GET"]}}],"collection":[{"href":"https:\/\/promis.ro\/ro\/wp-json\/wp\/v2\/product"}],"about":[{"href":"https:\/\/promis.ro\/ro\/wp-json\/wp\/v2\/types\/product"}],"replies":[{"embeddable":true,"href":"https:\/\/promis.ro\/ro\/wp-json\/wp\/v2\/comments?post=90251"}],"version-history":[{"count":1,"href":"https:\/\/promis.ro\/ro\/wp-json\/wp\/v2\/product\/90251\/revisions"}],"predecessor-version":[{"id":110667,"href":"https:\/\/promis.ro\/ro\/wp-json\/wp\/v2\/product\/90251\/revisions\/110667"}],"wp:featuredmedia":[{"embeddable":true,"href":"https:\/\/promis.ro\/ro\/wp-json\/wp\/v2\/media\/127433"}],"wp:attachment":[{"href":"https:\/\/promis.ro\/ro\/wp-json\/wp\/v2\/media?parent=90251"}],"wp:term":[{"taxonomy":"product_brand","embeddable":true,"href":"https:\/\/promis.ro\/ro\/wp-json\/wp\/v2\/product_brand?post=90251"},{"taxonomy":"product_cat","embeddable":true,"href":"https:\/\/promis.ro\/ro\/wp-json\/wp\/v2\/product_cat?post=90251"},{"taxonomy":"product_tag","embeddable":true,"href":"https:\/\/promis.ro\/ro\/wp-json\/wp\/v2\/product_tag?post=90251"}],"curies":[{"name":"wp","href":"https:\/\/api.w.org\/{rel}","templated":true}]}}