{"id":90252,"date":"2025-11-04T22:40:30","date_gmt":"2025-11-04T22:40:30","guid":{"rendered":"https:\/\/promis.ro\/product\/tocker\/"},"modified":"2025-11-11T15:11:55","modified_gmt":"2025-11-11T15:11:55","slug":"tocker","status":"publish","type":"product","link":"https:\/\/promis.ro\/ro\/produs\/tocker\/","title":{"rendered":"Tocker"},"content":{"rendered":"<p>Sticl\u0103 cu capacitate de 850 ml, fabricat\u0103 din o\u021bel inoxidabil. Capac cu \u0219urub asortat, dotat cu m\u00e2ner integrat \u0219i f\u0103r\u0103 BPA. Disponibil\u0103 \u00eentr-o gam\u0103 larg\u0103 de culori satin \u0219i prezentat\u0103 \u00eentr-o cutie individual\u0103 cu design kraft. Manual de instruc\u021biuni disponibil \u00een spaniol\u0103 \u0219i englez\u0103.<\/p>","protected":false},"excerpt":{"rendered":"<p>Sticl\u0103 cu capacitate de 850 ml, fabricat\u0103 din o\u021bel inoxidabil. Capac cu \u0219urub asortat, dotat cu m\u00e2ner integrat \u0219i f\u0103r\u0103<\/p>","protected":false},"featured_media":127435,"comment_status":"open","ping_status":"closed","template":"","meta":[],"product_brand":[],"product_cat":[172],"product_tag":[],"class_list":{"0":"post-90252","1":"product","2":"type-product","3":"status-publish","4":"has-post-thumbnail","6":"product_cat-cani-borcane-si-thermosuri","8":"first","9":"instock","10":"shipping-taxable","11":"purchasable","12":"product-type-variable"},"_links":{"self":[{"href":"https:\/\/promis.ro\/ro\/wp-json\/wp\/v2\/product\/90252","targetHints":{"allow":["GET"]}}],"collection":[{"href":"https:\/\/promis.ro\/ro\/wp-json\/wp\/v2\/product"}],"about":[{"href":"https:\/\/promis.ro\/ro\/wp-json\/wp\/v2\/types\/product"}],"replies":[{"embeddable":true,"href":"https:\/\/promis.ro\/ro\/wp-json\/wp\/v2\/comments?post=90252"}],"version-history":[{"count":1,"href":"https:\/\/promis.ro\/ro\/wp-json\/wp\/v2\/product\/90252\/revisions"}],"predecessor-version":[{"id":110662,"href":"https:\/\/promis.ro\/ro\/wp-json\/wp\/v2\/product\/90252\/revisions\/110662"}],"wp:featuredmedia":[{"embeddable":true,"href":"https:\/\/promis.ro\/ro\/wp-json\/wp\/v2\/media\/127435"}],"wp:attachment":[{"href":"https:\/\/promis.ro\/ro\/wp-json\/wp\/v2\/media?parent=90252"}],"wp:term":[{"taxonomy":"product_brand","embeddable":true,"href":"https:\/\/promis.ro\/ro\/wp-json\/wp\/v2\/product_brand?post=90252"},{"taxonomy":"product_cat","embeddable":true,"href":"https:\/\/promis.ro\/ro\/wp-json\/wp\/v2\/product_cat?post=90252"},{"taxonomy":"product_tag","embeddable":true,"href":"https:\/\/promis.ro\/ro\/wp-json\/wp\/v2\/product_tag?post=90252"}],"curies":[{"name":"wp","href":"https:\/\/api.w.org\/{rel}","templated":true}]}}