{"id":90457,"date":"2025-11-04T22:42:09","date_gmt":"2025-11-04T22:42:09","guid":{"rendered":"https:\/\/promis.ro\/product\/sanny\/"},"modified":"2025-11-11T15:10:36","modified_gmt":"2025-11-11T15:10:36","slug":"sanny","status":"publish","type":"product","link":"https:\/\/promis.ro\/ro\/produs\/sanny\/","title":{"rendered":"Sanny"},"content":{"rendered":"<p>Clip pentru linia Nature, cu baz\u0103 rezistent\u0103 din lemn de pin natural. Cu st\u00e2lp metalic \u0219i clip pentru o prindere ferm\u0103 a cardurilor, noti\u021belor, fotografiilor&#8230;<\/p>","protected":false},"excerpt":{"rendered":"<p>Clip pentru linia Nature, cu baz\u0103 rezistent\u0103 din lemn de pin natural. Cu st\u00e2lp metalic \u0219i clip pentru o prindere<\/p>","protected":false},"featured_media":127703,"comment_status":"open","ping_status":"closed","template":"","meta":[],"product_brand":[],"product_cat":[171],"product_tag":[],"class_list":{"0":"post-90457","1":"product","2":"type-product","3":"status-publish","4":"has-post-thumbnail","6":"product_cat-birou-si-business","8":"first","9":"instock","10":"shipping-taxable","11":"purchasable","12":"product-type-simple"},"_links":{"self":[{"href":"https:\/\/promis.ro\/ro\/wp-json\/wp\/v2\/product\/90457","targetHints":{"allow":["GET"]}}],"collection":[{"href":"https:\/\/promis.ro\/ro\/wp-json\/wp\/v2\/product"}],"about":[{"href":"https:\/\/promis.ro\/ro\/wp-json\/wp\/v2\/types\/product"}],"replies":[{"embeddable":true,"href":"https:\/\/promis.ro\/ro\/wp-json\/wp\/v2\/comments?post=90457"}],"version-history":[{"count":1,"href":"https:\/\/promis.ro\/ro\/wp-json\/wp\/v2\/product\/90457\/revisions"}],"predecessor-version":[{"id":110740,"href":"https:\/\/promis.ro\/ro\/wp-json\/wp\/v2\/product\/90457\/revisions\/110740"}],"wp:featuredmedia":[{"embeddable":true,"href":"https:\/\/promis.ro\/ro\/wp-json\/wp\/v2\/media\/127703"}],"wp:attachment":[{"href":"https:\/\/promis.ro\/ro\/wp-json\/wp\/v2\/media?parent=90457"}],"wp:term":[{"taxonomy":"product_brand","embeddable":true,"href":"https:\/\/promis.ro\/ro\/wp-json\/wp\/v2\/product_brand?post=90457"},{"taxonomy":"product_cat","embeddable":true,"href":"https:\/\/promis.ro\/ro\/wp-json\/wp\/v2\/product_cat?post=90457"},{"taxonomy":"product_tag","embeddable":true,"href":"https:\/\/promis.ro\/ro\/wp-json\/wp\/v2\/product_tag?post=90457"}],"curies":[{"name":"wp","href":"https:\/\/api.w.org\/{rel}","templated":true}]}}