{"id":90462,"date":"2025-11-04T22:42:11","date_gmt":"2025-11-04T22:42:11","guid":{"rendered":"https:\/\/promis.ro\/product\/amenti\/"},"modified":"2025-11-11T15:10:55","modified_gmt":"2025-11-11T15:10:55","slug":"amenti","status":"publish","type":"product","link":"https:\/\/promis.ro\/ro\/produs\/amenti\/","title":{"rendered":"Amenti"},"content":{"rendered":"<p>Blocnotes Nature line, cu coperti din h\u00e2rtie de semin\u021be reciclabil\u0103 \u0219i degradabil\u0103. Incluz\u00e2nd semin\u021be de petunie pe ambele coperti, f\u0103c\u00e2ndu-l h\u00e2rtie plantabil\u0103 la sf\u00e2r\u0219itul duratei sale de via\u021b\u0103. \u00cen interior cu 10 note adezive de dimensiune medie \u0219i 30 de note adezive mini \u00een culori variate. Flori \u00een culori asortate, cu instruc\u021biuni de plantare pe coperta din spate \u0219i prezentat \u00eentr-un sac individual din h\u00e2rtie reciclat\u0103.<\/p>","protected":false},"excerpt":{"rendered":"<p>Blocnotes Nature line, cu coperti din h\u00e2rtie de semin\u021be reciclabil\u0103 \u0219i degradabil\u0103. Incluz\u00e2nd semin\u021be de petunie pe ambele coperti, f\u0103c\u00e2ndu-l<\/p>","protected":false},"featured_media":127721,"comment_status":"open","ping_status":"closed","template":"","meta":[],"product_brand":[],"product_cat":[171],"product_tag":[],"class_list":{"0":"post-90462","1":"product","2":"type-product","3":"status-publish","4":"has-post-thumbnail","6":"product_cat-birou-si-business","8":"first","9":"instock","10":"shipping-taxable","11":"purchasable","12":"product-type-simple"},"_links":{"self":[{"href":"https:\/\/promis.ro\/ro\/wp-json\/wp\/v2\/product\/90462","targetHints":{"allow":["GET"]}}],"collection":[{"href":"https:\/\/promis.ro\/ro\/wp-json\/wp\/v2\/product"}],"about":[{"href":"https:\/\/promis.ro\/ro\/wp-json\/wp\/v2\/types\/product"}],"replies":[{"embeddable":true,"href":"https:\/\/promis.ro\/ro\/wp-json\/wp\/v2\/comments?post=90462"}],"version-history":[{"count":1,"href":"https:\/\/promis.ro\/ro\/wp-json\/wp\/v2\/product\/90462\/revisions"}],"predecessor-version":[{"id":110757,"href":"https:\/\/promis.ro\/ro\/wp-json\/wp\/v2\/product\/90462\/revisions\/110757"}],"wp:featuredmedia":[{"embeddable":true,"href":"https:\/\/promis.ro\/ro\/wp-json\/wp\/v2\/media\/127721"}],"wp:attachment":[{"href":"https:\/\/promis.ro\/ro\/wp-json\/wp\/v2\/media?parent=90462"}],"wp:term":[{"taxonomy":"product_brand","embeddable":true,"href":"https:\/\/promis.ro\/ro\/wp-json\/wp\/v2\/product_brand?post=90462"},{"taxonomy":"product_cat","embeddable":true,"href":"https:\/\/promis.ro\/ro\/wp-json\/wp\/v2\/product_cat?post=90462"},{"taxonomy":"product_tag","embeddable":true,"href":"https:\/\/promis.ro\/ro\/wp-json\/wp\/v2\/product_tag?post=90462"}],"curies":[{"name":"wp","href":"https:\/\/api.w.org\/{rel}","templated":true}]}}