{"id":90463,"date":"2025-11-04T22:42:11","date_gmt":"2025-11-04T22:42:11","guid":{"rendered":"https:\/\/promis.ro\/product\/zomek\/"},"modified":"2025-11-11T15:11:00","modified_gmt":"2025-11-11T15:11:00","slug":"zomek","status":"publish","type":"product","link":"https:\/\/promis.ro\/ro\/produs\/zomek\/","title":{"rendered":"Zomek"},"content":{"rendered":"<p>Blocnotes Nature line, cu coper\u021bi din h\u00e2rtie de semin\u021be reciclabile \u0219i degradabile. Incluz\u00e2nd semin\u021be de petunie pe ambele coper\u021bi, f\u0103c\u00e2ndu-l h\u00e2rtie plantabil\u0103 la sf\u00e2r\u0219itul duratei sale de via\u021b\u0103. Interior cu 50 de note autocolante cu finisaj kraft. Flori \u00een culori assortite, cu instruc\u021biuni de plantare pe coperta din spate \u0219i prezentat \u00eentr-un sac individual din h\u00e2rtie reciclat\u0103.<\/p>","protected":false},"excerpt":{"rendered":"<p>Blocnotes Nature line, cu coper\u021bi din h\u00e2rtie de semin\u021be reciclabile \u0219i degradabile. Incluz\u00e2nd semin\u021be de petunie pe ambele coper\u021bi, f\u0103c\u00e2ndu-l<\/p>","protected":false},"featured_media":127726,"comment_status":"open","ping_status":"closed","template":"","meta":[],"product_brand":[],"product_cat":[171],"product_tag":[],"class_list":{"0":"post-90463","1":"product","2":"type-product","3":"status-publish","4":"has-post-thumbnail","6":"product_cat-birou-si-business","8":"first","9":"instock","10":"shipping-taxable","11":"purchasable","12":"product-type-simple"},"_links":{"self":[{"href":"https:\/\/promis.ro\/ro\/wp-json\/wp\/v2\/product\/90463","targetHints":{"allow":["GET"]}}],"collection":[{"href":"https:\/\/promis.ro\/ro\/wp-json\/wp\/v2\/product"}],"about":[{"href":"https:\/\/promis.ro\/ro\/wp-json\/wp\/v2\/types\/product"}],"replies":[{"embeddable":true,"href":"https:\/\/promis.ro\/ro\/wp-json\/wp\/v2\/comments?post=90463"}],"version-history":[{"count":1,"href":"https:\/\/promis.ro\/ro\/wp-json\/wp\/v2\/product\/90463\/revisions"}],"predecessor-version":[{"id":110754,"href":"https:\/\/promis.ro\/ro\/wp-json\/wp\/v2\/product\/90463\/revisions\/110754"}],"wp:featuredmedia":[{"embeddable":true,"href":"https:\/\/promis.ro\/ro\/wp-json\/wp\/v2\/media\/127726"}],"wp:attachment":[{"href":"https:\/\/promis.ro\/ro\/wp-json\/wp\/v2\/media?parent=90463"}],"wp:term":[{"taxonomy":"product_brand","embeddable":true,"href":"https:\/\/promis.ro\/ro\/wp-json\/wp\/v2\/product_brand?post=90463"},{"taxonomy":"product_cat","embeddable":true,"href":"https:\/\/promis.ro\/ro\/wp-json\/wp\/v2\/product_cat?post=90463"},{"taxonomy":"product_tag","embeddable":true,"href":"https:\/\/promis.ro\/ro\/wp-json\/wp\/v2\/product_tag?post=90463"}],"curies":[{"name":"wp","href":"https:\/\/api.w.org\/{rel}","templated":true}]}}