{"id":90464,"date":"2025-11-04T22:42:12","date_gmt":"2025-11-04T22:42:12","guid":{"rendered":"https:\/\/promis.ro\/product\/maiwen\/"},"modified":"2025-11-11T15:11:06","modified_gmt":"2025-11-11T15:11:06","slug":"maiwen","status":"publish","type":"product","link":"https:\/\/promis.ro\/ro\/produs\/maiwen\/","title":{"rendered":"Maiwen"},"content":{"rendered":"<p>Blocnotes A5 Nature line, cu coperti din h\u00e2rtie de semin\u021be reciclabil\u0103 \u0219i degradabil\u0103. Inclusiv semin\u021be de petunie pe ambele coperti, f\u0103c\u00e2ndu-l h\u00e2rtie plantabil\u0103 la sf\u00e2r\u0219itul duratei sale de via\u021b\u0103. Interior cu 60 de foi simple \u0219i un finisaj kraft. Flori \u00een culori asortate, cu instruc\u021biuni de plantare \u00een interior \u0219i prezentat \u00eentr-un sac individual din carton reciclat.<\/p>","protected":false},"excerpt":{"rendered":"<p>Blocnotes A5 Nature line, cu coperti din h\u00e2rtie de semin\u021be reciclabil\u0103 \u0219i degradabil\u0103. Inclusiv semin\u021be de petunie pe ambele coperti,<\/p>","protected":false},"featured_media":127731,"comment_status":"open","ping_status":"closed","template":"","meta":[],"product_brand":[],"product_cat":[171],"product_tag":[],"class_list":{"0":"post-90464","1":"product","2":"type-product","3":"status-publish","4":"has-post-thumbnail","6":"product_cat-birou-si-business","8":"first","9":"outofstock","10":"shipping-taxable","11":"purchasable","12":"product-type-simple"},"_links":{"self":[{"href":"https:\/\/promis.ro\/ro\/wp-json\/wp\/v2\/product\/90464","targetHints":{"allow":["GET"]}}],"collection":[{"href":"https:\/\/promis.ro\/ro\/wp-json\/wp\/v2\/product"}],"about":[{"href":"https:\/\/promis.ro\/ro\/wp-json\/wp\/v2\/types\/product"}],"replies":[{"embeddable":true,"href":"https:\/\/promis.ro\/ro\/wp-json\/wp\/v2\/comments?post=90464"}],"version-history":[{"count":1,"href":"https:\/\/promis.ro\/ro\/wp-json\/wp\/v2\/product\/90464\/revisions"}],"predecessor-version":[{"id":110749,"href":"https:\/\/promis.ro\/ro\/wp-json\/wp\/v2\/product\/90464\/revisions\/110749"}],"wp:featuredmedia":[{"embeddable":true,"href":"https:\/\/promis.ro\/ro\/wp-json\/wp\/v2\/media\/127731"}],"wp:attachment":[{"href":"https:\/\/promis.ro\/ro\/wp-json\/wp\/v2\/media?parent=90464"}],"wp:term":[{"taxonomy":"product_brand","embeddable":true,"href":"https:\/\/promis.ro\/ro\/wp-json\/wp\/v2\/product_brand?post=90464"},{"taxonomy":"product_cat","embeddable":true,"href":"https:\/\/promis.ro\/ro\/wp-json\/wp\/v2\/product_cat?post=90464"},{"taxonomy":"product_tag","embeddable":true,"href":"https:\/\/promis.ro\/ro\/wp-json\/wp\/v2\/product_tag?post=90464"}],"curies":[{"name":"wp","href":"https:\/\/api.w.org\/{rel}","templated":true}]}}