{"id":90467,"date":"2025-11-04T22:42:13","date_gmt":"2025-11-04T22:42:13","guid":{"rendered":"https:\/\/promis.ro\/product\/minnak\/"},"modified":"2025-11-11T15:11:15","modified_gmt":"2025-11-11T15:11:15","slug":"minnak","status":"publish","type":"product","link":"https:\/\/promis.ro\/ro\/produs\/minnak\/","title":{"rendered":"Minnak"},"content":{"rendered":"<p>Notebook-ul Nature line, convertibil \u00eentr-un suport pentru smartphone, este realizat din cutii de lapte reciclate. Copert\u0103 tare cu detaliu din bambus pe coperta din fa\u021b\u0103 \u0219i band\u0103 elastic\u0103 asortat\u0103, inclusiv suport pentru pix. \u00cen interior, are 80 de foi cu layout cu o singur\u0103 dungi \u0219i distinctivul cutiilor de lapte reciclate pe coperta din spate. Include un pix cu bil\u0103 realizat din cutii de lapte reciclate, cu accesorii albe, mecanism cu buton \u0219i cerneal\u0103 albastr\u0103. Cu distinctivul cutiilor de lapte reciclate pe partea superioar\u0103 a pixului. Cutiile de lapte sunt \u00een mare parte realizate din carton \u0219i aluminiu. \u00cen timpul procesului de reciclare, diferitele materiale de ambalare sunt separate pentru reutilizare \u0219i reproiectare, contribuind astfel la calea infinit\u0103 a economiei circulare. Acest material este bine cunoscut pentru reciclabilitatea sa ridicat\u0103, precum \u0219i pentru greutatea sa redus\u0103 \u0219i rezisten\u021b\u0103.<\/p>","protected":false},"excerpt":{"rendered":"<p>Notebook-ul Nature line, convertibil \u00eentr-un suport pentru smartphone, este realizat din cutii de lapte reciclate. Copert\u0103 tare cu detaliu din<\/p>","protected":false},"featured_media":127740,"comment_status":"open","ping_status":"closed","template":"","meta":[],"product_brand":[],"product_cat":[171],"product_tag":[],"class_list":{"0":"post-90467","1":"product","2":"type-product","3":"status-publish","4":"has-post-thumbnail","6":"product_cat-birou-si-business","8":"first","9":"instock","10":"shipping-taxable","11":"purchasable","12":"product-type-simple"},"_links":{"self":[{"href":"https:\/\/promis.ro\/ro\/wp-json\/wp\/v2\/product\/90467","targetHints":{"allow":["GET"]}}],"collection":[{"href":"https:\/\/promis.ro\/ro\/wp-json\/wp\/v2\/product"}],"about":[{"href":"https:\/\/promis.ro\/ro\/wp-json\/wp\/v2\/types\/product"}],"replies":[{"embeddable":true,"href":"https:\/\/promis.ro\/ro\/wp-json\/wp\/v2\/comments?post=90467"}],"version-history":[{"count":1,"href":"https:\/\/promis.ro\/ro\/wp-json\/wp\/v2\/product\/90467\/revisions"}],"predecessor-version":[{"id":110774,"href":"https:\/\/promis.ro\/ro\/wp-json\/wp\/v2\/product\/90467\/revisions\/110774"}],"wp:featuredmedia":[{"embeddable":true,"href":"https:\/\/promis.ro\/ro\/wp-json\/wp\/v2\/media\/127740"}],"wp:attachment":[{"href":"https:\/\/promis.ro\/ro\/wp-json\/wp\/v2\/media?parent=90467"}],"wp:term":[{"taxonomy":"product_brand","embeddable":true,"href":"https:\/\/promis.ro\/ro\/wp-json\/wp\/v2\/product_brand?post=90467"},{"taxonomy":"product_cat","embeddable":true,"href":"https:\/\/promis.ro\/ro\/wp-json\/wp\/v2\/product_cat?post=90467"},{"taxonomy":"product_tag","embeddable":true,"href":"https:\/\/promis.ro\/ro\/wp-json\/wp\/v2\/product_tag?post=90467"}],"curies":[{"name":"wp","href":"https:\/\/api.w.org\/{rel}","templated":true}]}}