{"id":90468,"date":"2025-11-04T22:42:13","date_gmt":"2025-11-04T22:42:13","guid":{"rendered":"https:\/\/promis.ro\/product\/torya\/"},"modified":"2025-11-11T15:11:19","modified_gmt":"2025-11-11T15:11:19","slug":"torya","status":"publish","type":"product","link":"https:\/\/promis.ro\/ro\/produs\/torya\/","title":{"rendered":"Torya"},"content":{"rendered":"<p>Notebook-ul Nature line, convertibil \u00eentr-un suport pentru smartphone, este fabricat din cutii de lapte reciclate. Copert\u0103 rigid\u0103 cu detaliu din bambus pe coperta din fa\u021b\u0103. Marcator de \u021bes\u0103tur\u0103 asortat \u0219i band\u0103 elastic\u0103 inclusiv suport pentru stilou (stiloul nu este inclus). Interiorul con\u021bine 100 de foi cu un layout cu dungi simple \u0219i caracteristica cutiilor de lapte reciclate pe coperta din spate. Cutiile de lapte sunt \u00een mare parte fabricate din carton \u0219i aluminiu. \u00cen timpul procesului de reciclare, diferitele materiale de ambalare sunt separate pentru reutilizare \u0219i reproiectare, contribuind astfel la calea infinit\u0103 a economiei circulare. Acest material este bine cunoscut pentru reciclabilitatea sa ridicat\u0103, precum \u0219i pentru greutatea sa redus\u0103 \u0219i rezisten\u021b\u0103.<\/p>","protected":false},"excerpt":{"rendered":"<p>Notebook-ul Nature line, convertibil \u00eentr-un suport pentru smartphone, este fabricat din cutii de lapte reciclate. Copert\u0103 rigid\u0103 cu detaliu din<\/p>","protected":false},"featured_media":127745,"comment_status":"open","ping_status":"closed","template":"","meta":[],"product_brand":[],"product_cat":[171],"product_tag":[],"class_list":{"0":"post-90468","1":"product","2":"type-product","3":"status-publish","4":"has-post-thumbnail","6":"product_cat-birou-si-business","8":"first","9":"instock","10":"shipping-taxable","11":"purchasable","12":"product-type-simple"},"_links":{"self":[{"href":"https:\/\/promis.ro\/ro\/wp-json\/wp\/v2\/product\/90468","targetHints":{"allow":["GET"]}}],"collection":[{"href":"https:\/\/promis.ro\/ro\/wp-json\/wp\/v2\/product"}],"about":[{"href":"https:\/\/promis.ro\/ro\/wp-json\/wp\/v2\/types\/product"}],"replies":[{"embeddable":true,"href":"https:\/\/promis.ro\/ro\/wp-json\/wp\/v2\/comments?post=90468"}],"version-history":[{"count":1,"href":"https:\/\/promis.ro\/ro\/wp-json\/wp\/v2\/product\/90468\/revisions"}],"predecessor-version":[{"id":110763,"href":"https:\/\/promis.ro\/ro\/wp-json\/wp\/v2\/product\/90468\/revisions\/110763"}],"wp:featuredmedia":[{"embeddable":true,"href":"https:\/\/promis.ro\/ro\/wp-json\/wp\/v2\/media\/127745"}],"wp:attachment":[{"href":"https:\/\/promis.ro\/ro\/wp-json\/wp\/v2\/media?parent=90468"}],"wp:term":[{"taxonomy":"product_brand","embeddable":true,"href":"https:\/\/promis.ro\/ro\/wp-json\/wp\/v2\/product_brand?post=90468"},{"taxonomy":"product_cat","embeddable":true,"href":"https:\/\/promis.ro\/ro\/wp-json\/wp\/v2\/product_cat?post=90468"},{"taxonomy":"product_tag","embeddable":true,"href":"https:\/\/promis.ro\/ro\/wp-json\/wp\/v2\/product_tag?post=90468"}],"curies":[{"name":"wp","href":"https:\/\/api.w.org\/{rel}","templated":true}]}}