{"id":90469,"date":"2025-11-04T22:42:14","date_gmt":"2025-11-04T22:42:14","guid":{"rendered":"https:\/\/promis.ro\/product\/phesux\/"},"modified":"2025-11-11T15:11:24","modified_gmt":"2025-11-11T15:11:24","slug":"phesux","status":"publish","type":"product","link":"https:\/\/promis.ro\/ro\/produs\/phesux\/","title":{"rendered":"Phesux"},"content":{"rendered":"<p>Blocnotes Nature line convertibil \u00eentr-un suport pentru smartphone. Fabricat din carton reciclat. Inclus: Blocnotes cu inel cu 30 de foi albe, aranjament cu o singur\u0103 band\u0103 \u0219i suport pentru pix. Pix din carton reciclat cu detalii negre, mecanism cu buton de ap\u0103sare \u0219i cerneal\u0103 albastr\u0103. 25 de note autoadezive de dimensiune medie. 125 de note autoadezive mini \u00een culori diferite.<\/p>","protected":false},"excerpt":{"rendered":"<p>Blocnotes Nature line convertibil \u00eentr-un suport pentru smartphone. Fabricat din carton reciclat. Inclus: Blocnotes cu inel cu 30 de foi<\/p>","protected":false},"featured_media":127749,"comment_status":"open","ping_status":"closed","template":"","meta":[],"product_brand":[],"product_cat":[171],"product_tag":[],"class_list":{"0":"post-90469","1":"product","2":"type-product","3":"status-publish","4":"has-post-thumbnail","6":"product_cat-birou-si-business","8":"first","9":"instock","10":"shipping-taxable","11":"purchasable","12":"product-type-simple"},"_links":{"self":[{"href":"https:\/\/promis.ro\/ro\/wp-json\/wp\/v2\/product\/90469","targetHints":{"allow":["GET"]}}],"collection":[{"href":"https:\/\/promis.ro\/ro\/wp-json\/wp\/v2\/product"}],"about":[{"href":"https:\/\/promis.ro\/ro\/wp-json\/wp\/v2\/types\/product"}],"replies":[{"embeddable":true,"href":"https:\/\/promis.ro\/ro\/wp-json\/wp\/v2\/comments?post=90469"}],"version-history":[{"count":1,"href":"https:\/\/promis.ro\/ro\/wp-json\/wp\/v2\/product\/90469\/revisions"}],"predecessor-version":[{"id":110752,"href":"https:\/\/promis.ro\/ro\/wp-json\/wp\/v2\/product\/90469\/revisions\/110752"}],"wp:featuredmedia":[{"embeddable":true,"href":"https:\/\/promis.ro\/ro\/wp-json\/wp\/v2\/media\/127749"}],"wp:attachment":[{"href":"https:\/\/promis.ro\/ro\/wp-json\/wp\/v2\/media?parent=90469"}],"wp:term":[{"taxonomy":"product_brand","embeddable":true,"href":"https:\/\/promis.ro\/ro\/wp-json\/wp\/v2\/product_brand?post=90469"},{"taxonomy":"product_cat","embeddable":true,"href":"https:\/\/promis.ro\/ro\/wp-json\/wp\/v2\/product_cat?post=90469"},{"taxonomy":"product_tag","embeddable":true,"href":"https:\/\/promis.ro\/ro\/wp-json\/wp\/v2\/product_tag?post=90469"}],"curies":[{"name":"wp","href":"https:\/\/api.w.org\/{rel}","templated":true}]}}