{"id":90886,"date":"2025-11-04T22:45:42","date_gmt":"2025-11-04T22:45:42","guid":{"rendered":"https:\/\/promis.ro\/product\/perpok\/"},"modified":"2025-11-11T15:32:45","modified_gmt":"2025-11-11T15:32:45","slug":"perpok","status":"publish","type":"product","link":"https:\/\/promis.ro\/ro\/produs\/perpok\/","title":{"rendered":"Perpok"},"content":{"rendered":"<pre><p>Sticl\u0103 cu o capacitate de 700ml. Fabricat\u0103 din aluminiu reciclat rezistent \u0219i durabil. Cu capac cu filet mat \u0219i m\u00e2nere integrate asortate pentru o transportare u\u0219oar\u0103. Corp cu finisaj satinat. Disponibil\u0103 \u00eentr-o gam\u0103 larg\u0103 de culori \u0219i f\u0103r\u0103 BPA. Inclusiv logo-ul Aluminiu Reciclat. Prezentat\u0103 \u00eentr-o cutie cu design kraft \u0219i \u00eentr-o pung\u0103 reciclat\u0103 individual\u0103. Aluminiul reciclat este un material cu aproape infinite posibilit\u0103\u021bi de reciclare, f\u0103r\u0103 a-\u0219i pierde propriet\u0103\u021bile originale \u0219i consum\u00e2nd mai pu\u021bin\u0103 energie \u00een proces.<\/p><\/pre>","protected":false},"excerpt":{"rendered":"<p>Sticl\u0103 cu o capacitate de 700ml. Fabricat\u0103 din aluminiu reciclat rezistent \u0219i durabil. Cu capac cu filet mat \u0219i m\u00e2nere<\/p>","protected":false},"featured_media":129102,"comment_status":"open","ping_status":"closed","template":"","meta":[],"product_brand":[],"product_cat":[172],"product_tag":[],"class_list":{"0":"post-90886","1":"product","2":"type-product","3":"status-publish","4":"has-post-thumbnail","6":"product_cat-cani-borcane-si-thermosuri","8":"first","9":"instock","10":"shipping-taxable","11":"purchasable","12":"product-type-variable"},"_links":{"self":[{"href":"https:\/\/promis.ro\/ro\/wp-json\/wp\/v2\/product\/90886","targetHints":{"allow":["GET"]}}],"collection":[{"href":"https:\/\/promis.ro\/ro\/wp-json\/wp\/v2\/product"}],"about":[{"href":"https:\/\/promis.ro\/ro\/wp-json\/wp\/v2\/types\/product"}],"replies":[{"embeddable":true,"href":"https:\/\/promis.ro\/ro\/wp-json\/wp\/v2\/comments?post=90886"}],"version-history":[{"count":1,"href":"https:\/\/promis.ro\/ro\/wp-json\/wp\/v2\/product\/90886\/revisions"}],"predecessor-version":[{"id":110958,"href":"https:\/\/promis.ro\/ro\/wp-json\/wp\/v2\/product\/90886\/revisions\/110958"}],"wp:featuredmedia":[{"embeddable":true,"href":"https:\/\/promis.ro\/ro\/wp-json\/wp\/v2\/media\/129102"}],"wp:attachment":[{"href":"https:\/\/promis.ro\/ro\/wp-json\/wp\/v2\/media?parent=90886"}],"wp:term":[{"taxonomy":"product_brand","embeddable":true,"href":"https:\/\/promis.ro\/ro\/wp-json\/wp\/v2\/product_brand?post=90886"},{"taxonomy":"product_cat","embeddable":true,"href":"https:\/\/promis.ro\/ro\/wp-json\/wp\/v2\/product_cat?post=90886"},{"taxonomy":"product_tag","embeddable":true,"href":"https:\/\/promis.ro\/ro\/wp-json\/wp\/v2\/product_tag?post=90886"}],"curies":[{"name":"wp","href":"https:\/\/api.w.org\/{rel}","templated":true}]}}