{"id":90887,"date":"2025-11-04T22:45:43","date_gmt":"2025-11-04T22:45:43","guid":{"rendered":"https:\/\/promis.ro\/product\/claud\/"},"modified":"2025-11-11T15:32:45","modified_gmt":"2025-11-11T15:32:45","slug":"claud","status":"publish","type":"product","link":"https:\/\/promis.ro\/ro\/produs\/claud\/","title":{"rendered":"Claud"},"content":{"rendered":"<p>Sticl\u0103 cu capacitate de 550ml. Fabricat\u0103 din aluminiu reciclat, elegant \u0219i sustenabil. Finisaj satinat, include un capac cu \u0219urub unic, f\u0103r\u0103 BPA, cu detaliu din bambus. Logo-ul Aluminiu Reciclat \u0219i prezentat\u0103 \u00eentr-o cutie de design kraft \u0219i \u00eentr-o pung\u0103 reciclata individual\u0103. Aluminiul reciclat este un material cu aproape infinite posibilit\u0103\u021bi de reciclare, f\u0103r\u0103 a-\u0219i pierde propriet\u0103\u021bile originale \u0219i consum\u00e2nd mai pu\u021bin\u0103 energie \u00een proces.<\/p>","protected":false},"excerpt":{"rendered":"<p>Sticl\u0103 cu capacitate de 550ml. Fabricat\u0103 din aluminiu reciclat, elegant \u0219i sustenabil. Finisaj satinat, include un capac cu \u0219urub unic,<\/p>","protected":false},"featured_media":129104,"comment_status":"open","ping_status":"closed","template":"","meta":[],"product_brand":[],"product_cat":[172],"product_tag":[],"class_list":{"0":"post-90887","1":"product","2":"type-product","3":"status-publish","4":"has-post-thumbnail","6":"product_cat-cani-borcane-si-thermosuri","8":"first","9":"instock","10":"shipping-taxable","11":"purchasable","12":"product-type-variable"},"_links":{"self":[{"href":"https:\/\/promis.ro\/ro\/wp-json\/wp\/v2\/product\/90887","targetHints":{"allow":["GET"]}}],"collection":[{"href":"https:\/\/promis.ro\/ro\/wp-json\/wp\/v2\/product"}],"about":[{"href":"https:\/\/promis.ro\/ro\/wp-json\/wp\/v2\/types\/product"}],"replies":[{"embeddable":true,"href":"https:\/\/promis.ro\/ro\/wp-json\/wp\/v2\/comments?post=90887"}],"version-history":[{"count":1,"href":"https:\/\/promis.ro\/ro\/wp-json\/wp\/v2\/product\/90887\/revisions"}],"predecessor-version":[{"id":110956,"href":"https:\/\/promis.ro\/ro\/wp-json\/wp\/v2\/product\/90887\/revisions\/110956"}],"wp:featuredmedia":[{"embeddable":true,"href":"https:\/\/promis.ro\/ro\/wp-json\/wp\/v2\/media\/129104"}],"wp:attachment":[{"href":"https:\/\/promis.ro\/ro\/wp-json\/wp\/v2\/media?parent=90887"}],"wp:term":[{"taxonomy":"product_brand","embeddable":true,"href":"https:\/\/promis.ro\/ro\/wp-json\/wp\/v2\/product_brand?post=90887"},{"taxonomy":"product_cat","embeddable":true,"href":"https:\/\/promis.ro\/ro\/wp-json\/wp\/v2\/product_cat?post=90887"},{"taxonomy":"product_tag","embeddable":true,"href":"https:\/\/promis.ro\/ro\/wp-json\/wp\/v2\/product_tag?post=90887"}],"curies":[{"name":"wp","href":"https:\/\/api.w.org\/{rel}","templated":true}]}}