{"id":90888,"date":"2025-11-04T22:45:47","date_gmt":"2025-11-04T22:45:47","guid":{"rendered":"https:\/\/promis.ro\/product\/audrey\/"},"modified":"2025-11-11T15:30:28","modified_gmt":"2025-11-11T15:30:28","slug":"audrey","status":"publish","type":"product","link":"https:\/\/promis.ro\/ro\/produs\/audrey\/","title":{"rendered":"Audrey"},"content":{"rendered":"<p>Can\u0103 cu capacitate de 430ml. Fabricat\u0103 din aluminiu reciclat, elegant \u0219i sustenabil. Cu dop din bambus cu prindere \u0219i orificiu pentru pai, precum \u0219i pai din o\u021bel inoxidabil reutilizabil. Logo aluminiu reciclat. Ambalat\u0103 individual \u00eentr-o cutie cu design kraft \u0219i sac reciclabil. Aluminiul reciclat este un material cu aproape infinite posibilit\u0103\u021bi de reciclare, f\u0103r\u0103 a-\u0219i pierde propriet\u0103\u021bile originale \u0219i consum\u00e2nd mai pu\u021bin\u0103 energie \u00een proces. Certificare GRS (Global Recycled Standard), care garanteaz\u0103 originea reciclat\u0103 a materialului utilizat pentru fabricarea produsului.<\/p>","protected":false},"excerpt":{"rendered":"<p>Can\u0103 cu capacitate de 430ml. Fabricat\u0103 din aluminiu reciclat, elegant \u0219i sustenabil. Cu dop din bambus cu prindere \u0219i orificiu<\/p>","protected":false},"featured_media":129106,"comment_status":"open","ping_status":"closed","template":"","meta":[],"product_brand":[],"product_cat":[197],"product_tag":[],"class_list":{"0":"post-90888","1":"product","2":"type-product","3":"status-publish","4":"has-post-thumbnail","6":"product_cat-articole-durabile","8":"first","9":"instock","10":"shipping-taxable","11":"purchasable","12":"product-type-simple"},"_links":{"self":[{"href":"https:\/\/promis.ro\/ro\/wp-json\/wp\/v2\/product\/90888","targetHints":{"allow":["GET"]}}],"collection":[{"href":"https:\/\/promis.ro\/ro\/wp-json\/wp\/v2\/product"}],"about":[{"href":"https:\/\/promis.ro\/ro\/wp-json\/wp\/v2\/types\/product"}],"replies":[{"embeddable":true,"href":"https:\/\/promis.ro\/ro\/wp-json\/wp\/v2\/comments?post=90888"}],"version-history":[{"count":1,"href":"https:\/\/promis.ro\/ro\/wp-json\/wp\/v2\/product\/90888\/revisions"}],"predecessor-version":[{"id":110957,"href":"https:\/\/promis.ro\/ro\/wp-json\/wp\/v2\/product\/90888\/revisions\/110957"}],"wp:featuredmedia":[{"embeddable":true,"href":"https:\/\/promis.ro\/ro\/wp-json\/wp\/v2\/media\/129106"}],"wp:attachment":[{"href":"https:\/\/promis.ro\/ro\/wp-json\/wp\/v2\/media?parent=90888"}],"wp:term":[{"taxonomy":"product_brand","embeddable":true,"href":"https:\/\/promis.ro\/ro\/wp-json\/wp\/v2\/product_brand?post=90888"},{"taxonomy":"product_cat","embeddable":true,"href":"https:\/\/promis.ro\/ro\/wp-json\/wp\/v2\/product_cat?post=90888"},{"taxonomy":"product_tag","embeddable":true,"href":"https:\/\/promis.ro\/ro\/wp-json\/wp\/v2\/product_tag?post=90888"}],"curies":[{"name":"wp","href":"https:\/\/api.w.org\/{rel}","templated":true}]}}