{"id":90889,"date":"2025-11-04T22:45:47","date_gmt":"2025-11-04T22:45:47","guid":{"rendered":"https:\/\/promis.ro\/product\/fael\/"},"modified":"2025-11-11T15:32:44","modified_gmt":"2025-11-11T15:32:44","slug":"fael","status":"publish","type":"product","link":"https:\/\/promis.ro\/ro\/produs\/fael\/","title":{"rendered":"Fael"},"content":{"rendered":"<p>Sticl\u0103 pliabil\u0103 cu o capacitate de 550 ml. Fabricat\u0103 din silicon de \u00eenalt\u0103 calitate, cu capac din o\u021bel inoxidabil. Cu un corp flexibil cu finisaj mat, aceast\u0103 sticl\u0103 poate fi pliat\u0103 pentru o depozitare u\u0219oar\u0103 \u0219i convenabil\u0103. Include un carabinier pentru transport u\u0219or. F\u0103r\u0103 BPA. Este ideal\u0103 pentru biroul t\u0103u, mas\u0103 sau orice suprafa\u021b\u0103 unde po\u021bi savura b\u0103utura ta preferat\u0103. Dimensiuni pliate: \u00d87,1 cm x 16,9 cm \u00een\u0103l\u021bime. Dimensiuni desf\u0103cute \u00d87,1 cm p\u00e2n\u0103 la 24,8 cm \u00een\u0103l\u021bime.<\/p>","protected":false},"excerpt":{"rendered":"<p>Sticl\u0103 pliabil\u0103 cu o capacitate de 550 ml. Fabricat\u0103 din silicon de \u00eenalt\u0103 calitate, cu capac din o\u021bel inoxidabil. Cu<\/p>","protected":false},"featured_media":129109,"comment_status":"open","ping_status":"closed","template":"","meta":[],"product_brand":[],"product_cat":[172],"product_tag":[],"class_list":{"0":"post-90889","1":"product","2":"type-product","3":"status-publish","4":"has-post-thumbnail","6":"product_cat-cani-borcane-si-thermosuri","8":"first","9":"instock","10":"shipping-taxable","11":"purchasable","12":"product-type-variable"},"_links":{"self":[{"href":"https:\/\/promis.ro\/ro\/wp-json\/wp\/v2\/product\/90889","targetHints":{"allow":["GET"]}}],"collection":[{"href":"https:\/\/promis.ro\/ro\/wp-json\/wp\/v2\/product"}],"about":[{"href":"https:\/\/promis.ro\/ro\/wp-json\/wp\/v2\/types\/product"}],"replies":[{"embeddable":true,"href":"https:\/\/promis.ro\/ro\/wp-json\/wp\/v2\/comments?post=90889"}],"version-history":[{"count":1,"href":"https:\/\/promis.ro\/ro\/wp-json\/wp\/v2\/product\/90889\/revisions"}],"predecessor-version":[{"id":110960,"href":"https:\/\/promis.ro\/ro\/wp-json\/wp\/v2\/product\/90889\/revisions\/110960"}],"wp:featuredmedia":[{"embeddable":true,"href":"https:\/\/promis.ro\/ro\/wp-json\/wp\/v2\/media\/129109"}],"wp:attachment":[{"href":"https:\/\/promis.ro\/ro\/wp-json\/wp\/v2\/media?parent=90889"}],"wp:term":[{"taxonomy":"product_brand","embeddable":true,"href":"https:\/\/promis.ro\/ro\/wp-json\/wp\/v2\/product_brand?post=90889"},{"taxonomy":"product_cat","embeddable":true,"href":"https:\/\/promis.ro\/ro\/wp-json\/wp\/v2\/product_cat?post=90889"},{"taxonomy":"product_tag","embeddable":true,"href":"https:\/\/promis.ro\/ro\/wp-json\/wp\/v2\/product_tag?post=90889"}],"curies":[{"name":"wp","href":"https:\/\/api.w.org\/{rel}","templated":true}]}}