{"id":90892,"date":"2025-11-04T22:45:49","date_gmt":"2025-11-04T22:45:49","guid":{"rendered":"https:\/\/promis.ro\/product\/amely\/"},"modified":"2025-11-11T15:32:43","modified_gmt":"2025-11-11T15:32:43","slug":"amely","status":"publish","type":"product","link":"https:\/\/promis.ro\/ro\/produs\/amely\/","title":{"rendered":"Amely"},"content":{"rendered":"<p>Can\u0103 cu capacitate de 480 ml, fabricat\u0103 din aluminiu \u0219i disponibil\u0103 \u00eentr-o gam\u0103 larg\u0103 de culori metalice. Prezentat\u0103 \u00eentr-o cutie atractiv\u0103 de design kraft individual.<\/p>","protected":false},"excerpt":{"rendered":"<p>Can\u0103 cu capacitate de 480 ml, fabricat\u0103 din aluminiu \u0219i disponibil\u0103 \u00eentr-o gam\u0103 larg\u0103 de culori metalice. Prezentat\u0103 \u00eentr-o cutie<\/p>","protected":false},"featured_media":129120,"comment_status":"open","ping_status":"closed","template":"","meta":[],"product_brand":[],"product_cat":[180],"product_tag":[],"class_list":{"0":"post-90892","1":"product","2":"type-product","3":"status-publish","4":"has-post-thumbnail","6":"product_cat-cadouri-si-prime","8":"first","9":"instock","10":"shipping-taxable","11":"purchasable","12":"product-type-variable"},"_links":{"self":[{"href":"https:\/\/promis.ro\/ro\/wp-json\/wp\/v2\/product\/90892","targetHints":{"allow":["GET"]}}],"collection":[{"href":"https:\/\/promis.ro\/ro\/wp-json\/wp\/v2\/product"}],"about":[{"href":"https:\/\/promis.ro\/ro\/wp-json\/wp\/v2\/types\/product"}],"replies":[{"embeddable":true,"href":"https:\/\/promis.ro\/ro\/wp-json\/wp\/v2\/comments?post=90892"}],"version-history":[{"count":1,"href":"https:\/\/promis.ro\/ro\/wp-json\/wp\/v2\/product\/90892\/revisions"}],"predecessor-version":[{"id":110952,"href":"https:\/\/promis.ro\/ro\/wp-json\/wp\/v2\/product\/90892\/revisions\/110952"}],"wp:featuredmedia":[{"embeddable":true,"href":"https:\/\/promis.ro\/ro\/wp-json\/wp\/v2\/media\/129120"}],"wp:attachment":[{"href":"https:\/\/promis.ro\/ro\/wp-json\/wp\/v2\/media?parent=90892"}],"wp:term":[{"taxonomy":"product_brand","embeddable":true,"href":"https:\/\/promis.ro\/ro\/wp-json\/wp\/v2\/product_brand?post=90892"},{"taxonomy":"product_cat","embeddable":true,"href":"https:\/\/promis.ro\/ro\/wp-json\/wp\/v2\/product_cat?post=90892"},{"taxonomy":"product_tag","embeddable":true,"href":"https:\/\/promis.ro\/ro\/wp-json\/wp\/v2\/product_tag?post=90892"}],"curies":[{"name":"wp","href":"https:\/\/api.w.org\/{rel}","templated":true}]}}