{"id":90893,"date":"2025-11-04T22:45:49","date_gmt":"2025-11-04T22:45:49","guid":{"rendered":"https:\/\/promis.ro\/product\/troy\/"},"modified":"2025-11-11T15:30:47","modified_gmt":"2025-11-11T15:30:47","slug":"troy","status":"publish","type":"product","link":"https:\/\/promis.ro\/ro\/produs\/troy\/","title":{"rendered":"Troy"},"content":{"rendered":"<p>Sticl\u0103 termic\u0103 din o\u021bel inoxidabil cu perete dublu, cu o capacitate de 630 ml. Include un indicator de temperatur\u0103 tactil \u00een capac, cu m\u00e2nere integrate. Capac de siguran\u021b\u0103 f\u0103r\u0103 BPA, prezentat \u00eentr-o cutie individual\u0103 atr\u0103g\u0103toare din kraft, \u00eentr-un sac reciclat. Alimentat\u0103 cu baterii (baterie tip buton inclus\u0103), cu manual de instruc\u021biuni disponibil \u00een englez\u0103 \u0219i spaniol\u0103.<\/p>","protected":false},"excerpt":{"rendered":"<p>Sticl\u0103 termic\u0103 din o\u021bel inoxidabil cu perete dublu, cu o capacitate de 630 ml. Include un indicator de temperatur\u0103 tactil<\/p>","protected":false},"featured_media":129121,"comment_status":"open","ping_status":"closed","template":"","meta":[],"product_brand":[],"product_cat":[172],"product_tag":[],"class_list":{"0":"post-90893","1":"product","2":"type-product","3":"status-publish","4":"has-post-thumbnail","6":"product_cat-cani-borcane-si-thermosuri","8":"first","9":"instock","10":"shipping-taxable","11":"purchasable","12":"product-type-simple"},"_links":{"self":[{"href":"https:\/\/promis.ro\/ro\/wp-json\/wp\/v2\/product\/90893","targetHints":{"allow":["GET"]}}],"collection":[{"href":"https:\/\/promis.ro\/ro\/wp-json\/wp\/v2\/product"}],"about":[{"href":"https:\/\/promis.ro\/ro\/wp-json\/wp\/v2\/types\/product"}],"replies":[{"embeddable":true,"href":"https:\/\/promis.ro\/ro\/wp-json\/wp\/v2\/comments?post=90893"}],"version-history":[{"count":1,"href":"https:\/\/promis.ro\/ro\/wp-json\/wp\/v2\/product\/90893\/revisions"}],"predecessor-version":[{"id":110962,"href":"https:\/\/promis.ro\/ro\/wp-json\/wp\/v2\/product\/90893\/revisions\/110962"}],"wp:featuredmedia":[{"embeddable":true,"href":"https:\/\/promis.ro\/ro\/wp-json\/wp\/v2\/media\/129121"}],"wp:attachment":[{"href":"https:\/\/promis.ro\/ro\/wp-json\/wp\/v2\/media?parent=90893"}],"wp:term":[{"taxonomy":"product_brand","embeddable":true,"href":"https:\/\/promis.ro\/ro\/wp-json\/wp\/v2\/product_brand?post=90893"},{"taxonomy":"product_cat","embeddable":true,"href":"https:\/\/promis.ro\/ro\/wp-json\/wp\/v2\/product_cat?post=90893"},{"taxonomy":"product_tag","embeddable":true,"href":"https:\/\/promis.ro\/ro\/wp-json\/wp\/v2\/product_tag?post=90893"}],"curies":[{"name":"wp","href":"https:\/\/api.w.org\/{rel}","templated":true}]}}