{"id":90895,"date":"2025-11-04T22:45:50","date_gmt":"2025-11-04T22:45:50","guid":{"rendered":"https:\/\/promis.ro\/product\/riley\/"},"modified":"2025-11-11T15:32:57","modified_gmt":"2025-11-11T15:32:57","slug":"riley","status":"publish","type":"product","link":"https:\/\/promis.ro\/ro\/produs\/riley\/","title":{"rendered":"Riley"},"content":{"rendered":"<p>Hus\u0103 pentru laptop din fetru RPET reciclat durabil. Clapet\u0103 cu \u00eenchidere elastic\u0103 \u0219i buzunar frontal, cu logo RPET pe eticheta exterioar\u0103. Pentru laptopuri de p\u00e2n\u0103 la 15 inci. Fetru RPET reciclat este rezultatul combina\u021biei procesului de reciclare a materialelor plastice \u00eempreun\u0103 cu tehnica milenar\u0103 de fabricare a fetelui, rezult\u00e2nd un material eco-trend care, pe l\u00e2ng\u0103 faptul c\u0103 este de origine reciclat\u0103, devine \u0219i reciclabil.<\/p>","protected":false},"excerpt":{"rendered":"<p>Hus\u0103 pentru laptop din fetru RPET reciclat durabil. Clapet\u0103 cu \u00eenchidere elastic\u0103 \u0219i buzunar frontal, cu logo RPET pe eticheta<\/p>","protected":false},"featured_media":129868,"comment_status":"open","ping_status":"closed","template":"","meta":[],"product_brand":[],"product_cat":[197],"product_tag":[],"class_list":{"0":"post-90895","1":"product","2":"type-product","3":"status-publish","4":"has-post-thumbnail","6":"product_cat-articole-durabile","8":"first","9":"instock","10":"shipping-taxable","11":"purchasable","12":"product-type-simple"},"_links":{"self":[{"href":"https:\/\/promis.ro\/ro\/wp-json\/wp\/v2\/product\/90895","targetHints":{"allow":["GET"]}}],"collection":[{"href":"https:\/\/promis.ro\/ro\/wp-json\/wp\/v2\/product"}],"about":[{"href":"https:\/\/promis.ro\/ro\/wp-json\/wp\/v2\/types\/product"}],"replies":[{"embeddable":true,"href":"https:\/\/promis.ro\/ro\/wp-json\/wp\/v2\/comments?post=90895"}],"version-history":[{"count":1,"href":"https:\/\/promis.ro\/ro\/wp-json\/wp\/v2\/product\/90895\/revisions"}],"predecessor-version":[{"id":110959,"href":"https:\/\/promis.ro\/ro\/wp-json\/wp\/v2\/product\/90895\/revisions\/110959"}],"wp:featuredmedia":[{"embeddable":true,"href":"https:\/\/promis.ro\/ro\/wp-json\/wp\/v2\/media\/129868"}],"wp:attachment":[{"href":"https:\/\/promis.ro\/ro\/wp-json\/wp\/v2\/media?parent=90895"}],"wp:term":[{"taxonomy":"product_brand","embeddable":true,"href":"https:\/\/promis.ro\/ro\/wp-json\/wp\/v2\/product_brand?post=90895"},{"taxonomy":"product_cat","embeddable":true,"href":"https:\/\/promis.ro\/ro\/wp-json\/wp\/v2\/product_cat?post=90895"},{"taxonomy":"product_tag","embeddable":true,"href":"https:\/\/promis.ro\/ro\/wp-json\/wp\/v2\/product_tag?post=90895"}],"curies":[{"name":"wp","href":"https:\/\/api.w.org\/{rel}","templated":true}]}}