{"id":90897,"date":"2025-11-04T22:45:51","date_gmt":"2025-11-04T22:45:51","guid":{"rendered":"https:\/\/promis.ro\/product\/fionap\/"},"modified":"2025-11-11T15:33:06","modified_gmt":"2025-11-11T15:33:06","slug":"fionap","status":"publish","type":"product","link":"https:\/\/promis.ro\/ro\/produs\/fionap\/","title":{"rendered":"Fionap"},"content":{"rendered":"<p>Caiet cu inele cu copert\u0103 din fetru moale reciclat RPET. Interior cu 100 de foi albe cu un layout pe o singur\u0103 linie. Inclusiv insigna RPET. Prezentat \u00eentr-un sac reciclat individual. Fetru reciclat RPET este rezultatul combina\u021biei procesului de reciclare a materialelor plastice \u00eempreun\u0103 cu tehnica milenar\u0103 de fabricare a fetelui, rezult\u00e2nd un material eco-trend care, pe l\u00e2ng\u0103 faptul c\u0103 este de origine reciclat\u0103, devine \u0219i reciclabil.<\/p>","protected":false},"excerpt":{"rendered":"<p>Caiet cu inele cu copert\u0103 din fetru moale reciclat RPET. Interior cu 100 de foi albe cu un layout pe<\/p>","protected":false},"featured_media":129878,"comment_status":"open","ping_status":"closed","template":"","meta":[],"product_brand":[],"product_cat":[197],"product_tag":[],"class_list":{"0":"post-90897","1":"product","2":"type-product","3":"status-publish","4":"has-post-thumbnail","6":"product_cat-articole-durabile","8":"first","9":"instock","10":"shipping-taxable","11":"purchasable","12":"product-type-simple"},"_links":{"self":[{"href":"https:\/\/promis.ro\/ro\/wp-json\/wp\/v2\/product\/90897","targetHints":{"allow":["GET"]}}],"collection":[{"href":"https:\/\/promis.ro\/ro\/wp-json\/wp\/v2\/product"}],"about":[{"href":"https:\/\/promis.ro\/ro\/wp-json\/wp\/v2\/types\/product"}],"replies":[{"embeddable":true,"href":"https:\/\/promis.ro\/ro\/wp-json\/wp\/v2\/comments?post=90897"}],"version-history":[{"count":1,"href":"https:\/\/promis.ro\/ro\/wp-json\/wp\/v2\/product\/90897\/revisions"}],"predecessor-version":[{"id":110964,"href":"https:\/\/promis.ro\/ro\/wp-json\/wp\/v2\/product\/90897\/revisions\/110964"}],"wp:featuredmedia":[{"embeddable":true,"href":"https:\/\/promis.ro\/ro\/wp-json\/wp\/v2\/media\/129878"}],"wp:attachment":[{"href":"https:\/\/promis.ro\/ro\/wp-json\/wp\/v2\/media?parent=90897"}],"wp:term":[{"taxonomy":"product_brand","embeddable":true,"href":"https:\/\/promis.ro\/ro\/wp-json\/wp\/v2\/product_brand?post=90897"},{"taxonomy":"product_cat","embeddable":true,"href":"https:\/\/promis.ro\/ro\/wp-json\/wp\/v2\/product_cat?post=90897"},{"taxonomy":"product_tag","embeddable":true,"href":"https:\/\/promis.ro\/ro\/wp-json\/wp\/v2\/product_tag?post=90897"}],"curies":[{"name":"wp","href":"https:\/\/api.w.org\/{rel}","templated":true}]}}