{"id":90898,"date":"2025-11-04T22:45:51","date_gmt":"2025-11-04T22:45:51","guid":{"rendered":"https:\/\/promis.ro\/product\/aurat\/"},"modified":"2025-11-11T15:33:14","modified_gmt":"2025-11-11T15:33:14","slug":"aurat","status":"publish","type":"product","link":"https:\/\/promis.ro\/ro\/produs\/aurat\/","title":{"rendered":"Aurat"},"content":{"rendered":"<p>Notepad realizat din fetru moale RPET. Cu logo RPET pe copert\u0103. Inclus: Binder cu inel de 30 de coli albe cu layout cu o singur\u0103 dungi \u0219i timbru reciclat pe ambele p\u0103r\u021bi. 25 de note adezive medii. 125 de note adezive mini \u00een diverse culori. Fetru RPET reciclat este rezultatul combina\u021biei procesului de reciclare a materialelor plastice \u00eempreun\u0103 cu tehnica milenar\u0103 de fabricare a fetelui, rezult\u00e2nd un material eco-trend care, pe l\u00e2ng\u0103 faptul c\u0103 este de origine reciclat\u0103, devine \u0219i reciclabil. Prezentat \u00eentr-o pung\u0103 reciclat\u0103 individual\u0103.<\/p>","protected":false},"excerpt":{"rendered":"<p>Notepad realizat din fetru moale RPET. Cu logo RPET pe copert\u0103. Inclus: Binder cu inel de 30 de coli albe<\/p>","protected":false},"featured_media":129882,"comment_status":"open","ping_status":"closed","template":"","meta":[],"product_brand":[],"product_cat":[197],"product_tag":[],"class_list":{"0":"post-90898","1":"product","2":"type-product","3":"status-publish","4":"has-post-thumbnail","6":"product_cat-articole-durabile","8":"first","9":"instock","10":"shipping-taxable","11":"purchasable","12":"product-type-simple"},"_links":{"self":[{"href":"https:\/\/promis.ro\/ro\/wp-json\/wp\/v2\/product\/90898","targetHints":{"allow":["GET"]}}],"collection":[{"href":"https:\/\/promis.ro\/ro\/wp-json\/wp\/v2\/product"}],"about":[{"href":"https:\/\/promis.ro\/ro\/wp-json\/wp\/v2\/types\/product"}],"replies":[{"embeddable":true,"href":"https:\/\/promis.ro\/ro\/wp-json\/wp\/v2\/comments?post=90898"}],"version-history":[{"count":1,"href":"https:\/\/promis.ro\/ro\/wp-json\/wp\/v2\/product\/90898\/revisions"}],"predecessor-version":[{"id":110970,"href":"https:\/\/promis.ro\/ro\/wp-json\/wp\/v2\/product\/90898\/revisions\/110970"}],"wp:featuredmedia":[{"embeddable":true,"href":"https:\/\/promis.ro\/ro\/wp-json\/wp\/v2\/media\/129882"}],"wp:attachment":[{"href":"https:\/\/promis.ro\/ro\/wp-json\/wp\/v2\/media?parent=90898"}],"wp:term":[{"taxonomy":"product_brand","embeddable":true,"href":"https:\/\/promis.ro\/ro\/wp-json\/wp\/v2\/product_brand?post=90898"},{"taxonomy":"product_cat","embeddable":true,"href":"https:\/\/promis.ro\/ro\/wp-json\/wp\/v2\/product_cat?post=90898"},{"taxonomy":"product_tag","embeddable":true,"href":"https:\/\/promis.ro\/ro\/wp-json\/wp\/v2\/product_tag?post=90898"}],"curies":[{"name":"wp","href":"https:\/\/api.w.org\/{rel}","templated":true}]}}