{"id":90899,"date":"2025-11-04T22:45:51","date_gmt":"2025-11-04T22:45:51","guid":{"rendered":"https:\/\/promis.ro\/product\/zimax\/"},"modified":"2025-11-11T15:42:49","modified_gmt":"2025-11-11T15:42:49","slug":"zimax","status":"publish","type":"product","link":"https:\/\/promis.ro\/ro\/produs\/zimax\/","title":{"rendered":"Zimax"},"content":{"rendered":"<p>Pielea PU se remarc\u0103 prin rezisten\u021ba \u0219i elasticitatea sa. Acest material reciclat \u0219i reciclabil este o op\u021biune sustenabil\u0103 care salveaz\u0103 fibrele abandonate \u00een procesele de fabrica\u021bie, minimiz\u00e2nd astfel risipa de material \u0219i contribuind la reducerea impactului asupra mediului, p\u0103str\u00e2nd \u00een acela\u0219i timp propriet\u0103\u021bile sale originale. Pielea artificial\u0103 se remarc\u0103 prin rezisten\u021ba \u0219i elasticitatea sa. Acest material reciclat \u0219i reciclabil este o op\u021biune sustenabil\u0103 care salveaz\u0103 fibrele abandonate \u00een procesele de fabrica\u021bie, minimiz\u00e2nd astfel risipa de material \u0219i contribuind la reducerea impactului asupra mediului, p\u0103str\u00e2nd \u00een acela\u0219i timp propriet\u0103\u021bile sale originale.<\/p>","protected":false},"excerpt":{"rendered":"<p>Pielea PU se remarc\u0103 prin rezisten\u021ba \u0219i elasticitatea sa. Acest material reciclat \u0219i reciclabil este o op\u021biune sustenabil\u0103 care salveaz\u0103<\/p>","protected":false},"featured_media":129887,"comment_status":"open","ping_status":"closed","template":"","meta":[],"product_brand":[],"product_cat":[171],"product_tag":[],"class_list":{"0":"post-90899","1":"product","2":"type-product","3":"status-publish","4":"has-post-thumbnail","6":"product_cat-birou-si-business","8":"first","9":"instock","10":"shipping-taxable","11":"purchasable","12":"product-type-variable"},"_links":{"self":[{"href":"https:\/\/promis.ro\/ro\/wp-json\/wp\/v2\/product\/90899","targetHints":{"allow":["GET"]}}],"collection":[{"href":"https:\/\/promis.ro\/ro\/wp-json\/wp\/v2\/product"}],"about":[{"href":"https:\/\/promis.ro\/ro\/wp-json\/wp\/v2\/types\/product"}],"replies":[{"embeddable":true,"href":"https:\/\/promis.ro\/ro\/wp-json\/wp\/v2\/comments?post=90899"}],"version-history":[{"count":1,"href":"https:\/\/promis.ro\/ro\/wp-json\/wp\/v2\/product\/90899\/revisions"}],"predecessor-version":[{"id":110971,"href":"https:\/\/promis.ro\/ro\/wp-json\/wp\/v2\/product\/90899\/revisions\/110971"}],"wp:featuredmedia":[{"embeddable":true,"href":"https:\/\/promis.ro\/ro\/wp-json\/wp\/v2\/media\/129887"}],"wp:attachment":[{"href":"https:\/\/promis.ro\/ro\/wp-json\/wp\/v2\/media?parent=90899"}],"wp:term":[{"taxonomy":"product_brand","embeddable":true,"href":"https:\/\/promis.ro\/ro\/wp-json\/wp\/v2\/product_brand?post=90899"},{"taxonomy":"product_cat","embeddable":true,"href":"https:\/\/promis.ro\/ro\/wp-json\/wp\/v2\/product_cat?post=90899"},{"taxonomy":"product_tag","embeddable":true,"href":"https:\/\/promis.ro\/ro\/wp-json\/wp\/v2\/product_tag?post=90899"}],"curies":[{"name":"wp","href":"https:\/\/api.w.org\/{rel}","templated":true}]}}